{"id":131,"date":"2025-02-10T21:39:25","date_gmt":"2025-02-10T20:39:25","guid":{"rendered":"https:\/\/investx.fr\/de\/?page_id=131"},"modified":"2025-02-10T21:39:26","modified_gmt":"2025-02-10T20:39:26","slug":"impressum","status":"publish","type":"page","link":"https:\/\/preprod.investx.fr\/de\/impressum\/","title":{"rendered":"Impressum"},"content":{"rendered":"\n<h2 class=\"wp-block-heading\" style=\"font-size:14px\" class=\"wp-block-heading\" style=\"font-size:14px\" id=\"hosting\"><strong>Hosting<\/strong><\/h2>\n\n\n\n<p style=\"font-size:14px\">Die Website <a href=\"https:\/\/preprod.investx.fr\/de\">https:\/\/preprod.investx.fr\/de<\/a> wird von Amazon Web Services gehostet:<br> Amazon Web Services LLC<br> P.O. Box 81226<br> Seattle, WA 98108-1226<\/p>\n\n\n\n<h2 class=\"wp-block-heading\" style=\"font-size:14px\" class=\"wp-block-heading\" style=\"font-size:14px\" id=\"eigentum\">Eigentum<\/h2>\n\n\n\n<p style=\"font-size:14px\">\nDie Inhalte dieser Website, einschlie\u00dflich, aber nicht beschr\u00e4nkt auf Bilder, Grafiken, Texte, Videos, Logos und Symbole, sind das ausschlie\u00dfliche Eigentum von InvestX, mit Ausnahme von Marken, Logos oder Inhalten, die anderen Partnerunternehmen oder Autoren geh\u00f6ren.<br><br>\nDie Vervielf\u00e4ltigung, Darstellung, \u00dcbertragung, Verbreitung oder Speicherung aller oder eines Teils dieser Elemente ist ohne die ausdr\u00fcckliche Genehmigung der Gesch\u00e4ftsleitung von InvestX strengstens untersagt.\n<\/p>\n\n\n\n<h2 class=\"wp-block-heading\" style=\"font-size:14px\" class=\"wp-block-heading\" style=\"font-size:14px\" id=\"rechtliche-informationen\"><strong>Rechtliche Informationen<\/strong><\/h2>\n\n\n\n<p style=\"font-size:14px\">Die Website <a href=\"https:\/\/preprod.investx.fr\">https:\/\/preprod.investx.fr\/de<\/a>, die franz\u00f6sischsprachige Tochterseite von <a href=\"https:\/\/preprod.investx.fr\">https:\/\/preprod.investx.fr\/de<\/a>, wird von der Gesellschaft MLP Services Ltd mit Sitz in Watergardens, GX11 1AA, Gibraltar, herausgegeben. F\u00fcr weitere Informationen oder Anfragen k\u00f6nnen Sie uns per E-Mail unter folgender Adresse erreichen: contact@investx.fr.<\/p>\n\n\n\n<h2 class=\"wp-block-heading\" style=\"font-size:14px\" class=\"wp-block-heading\" style=\"font-size:14px\" id=\"datenschutz\">Datenschutz<\/h2>\n\n\n\n<p style=\"font-size:14px\">Um die Navigation zu verbessern und zu personalisieren, k\u00f6nnen Cookies auf Ihrem Computer gespeichert werden. Sie k\u00f6nnen diese Cookies ablehnen, indem Sie Ihren Browser entsprechend einstellen. Ein Cookie ist eine kleine Textdatei, die von der besuchten Website an Ihren Browser gesendet wird. Durch dieses Cookie werden Informationen \u00fcber Ihren Besuch, darunter Ihre Spracheinstellungen und andere Details, auf der Website gespeichert. Dies kann Ihre Besuche auf dieser Website erleichtern und ihre Relevanz und N\u00fctzlichkeit erh\u00f6hen. Cookies spielen eine wichtige Rolle. Ohne Cookies kann die Nutzung des Internets deutlich frustrierender sein.<br><br> Wir verwenden Cookies f\u00fcr folgende Zwecke :<br> \u2013 \u00dcbertragung und gemeinsame Nutzung von Daten an Google Analytics zur Analyse des Nutzerverhaltens unserer Besucher.<\/p>\n\n\n\n<h2 class=\"wp-block-heading\" style=\"font-size:14px\" class=\"wp-block-heading\" style=\"font-size:14px\" id=\"haftungsausschluss\"><strong>Haftungsausschluss<\/strong><\/h2>\n\n\n\n<p style=\"font-size:14px\"><strong>Risikohinweis :<\/strong> Die Investition in digitale W\u00e4hrungen, Aktien und andere Wertpapiere, Rohstoffe, Devisen sowie in andere derivative Finanzprodukte (z.\u00a0B. Differenzkontrakte (\u00ab CFD \u00bb)) ist spekulativ und mit einem hohen Risiko verbunden. Jede Investition ist einzigartig und birgt spezifische Risiken.<br><br> CFDs und andere Derivate sind komplexe Finanzinstrumente. Aufgrund des Hebeleffekts besteht ein hohes Risiko, schnell Geld zu verlieren. Sie sollten sicherstellen, dass Sie die Funktionsweise dieser Produkte vollst\u00e4ndig verstehen und dass Sie sich das hohe Risiko leisten k\u00f6nnen, Ihr Geld zu verlieren.<br><br> Kryptow\u00e4hrungen k\u00f6nnen starken Preisschwankungen unterliegen und sind daher nicht f\u00fcr alle Anleger geeignet. Der Handel mit Kryptow\u00e4hrungen unterliegt keinem EU-regulatorischen Rahmen. Fr\u00fchere Wertentwicklungen sind keine Garantie f\u00fcr zuk\u00fcnftige Ergebnisse. Alle dargestellten Handelshistorien sind, sofern nicht anders angegeben, k\u00fcrzer als 5 Jahre und reichen m\u00f6glicherweise nicht als Grundlage f\u00fcr Anlageentscheidungen aus. Ihr Kapital ist gef\u00e4hrdet.<br><br> Wenn Sie mit Aktien handeln, setzen Sie Ihr Kapital einem Risiko aus.<br><br> Fr\u00fchere Wertentwicklungen sind keine Garantie f\u00fcr zuk\u00fcnftige Ergebnisse. Die dargestellte Handelshistorie ist, sofern nicht anders angegeben, k\u00fcrzer als 5 Jahre und reicht m\u00f6glicherweise nicht als Grundlage f\u00fcr Anlageentscheidungen aus. Preise k\u00f6nnen steigen, aber auch fallen, und erheblichen Schwankungen unterliegen. Au\u00dferdem k\u00f6nnen Sie Wechselkursschwankungen ausgesetzt sein. Es besteht die M\u00f6glichkeit, dass Sie Ihr gesamtes investiertes Kapital verlieren, mitunter sogar mehr. Investitionen sind nicht f\u00fcr jedermann geeignet. Stellen Sie sicher, dass Sie alle Risiken und rechtlichen Anforderungen verstehen. Wenn Sie unsicher sind, sollten Sie einen Finanz-, Rechts-, Steuer- und\/oder Buchhaltungsberater konsultieren. Diese Website und die zugeh\u00f6rige Anwendung bieten keine Anlage-, Finanz-, Rechts-, Steuer- oder Buchhaltungsberatung. Einige Links sind Affiliate-Links.<br><br> Bitte beachten Sie, dass die Nutzung dieser Website und\/oder ihrer Funktionen, der Handel mit bestimmten Investments und\/oder die Aufnahme einer Gesch\u00e4ftsbeziehung mit einem bestimmten Broker oder einer B\u00f6rse m\u00f6glicherweise nicht im Einklang mit den Gesetzen, Vorschriften oder anderen rechtlichen Anforderungen Ihres Wohnsitzlandes steht. Diese Website ist nicht f\u00fcr die Nutzung in L\u00e4ndern gedacht, in denen der hier beschriebene Handel oder die beschriebenen Investitionen verboten sind, und sollte nur von Personen genutzt werden, f\u00fcr die dies rechtlich zul\u00e4ssig ist. Wir garantieren nicht, dass Ihre Nutzung dieser Website und\/oder ihrer Funktionen Gewinne erzielt. Alle auf oder \u00fcber diese Website (einschlie\u00dflich Telefonanrufen, E-Mails, Chats, SMS oder sonstigen Kommunikationsformen) bereitgestellten Meinungen, Nachrichten, Kommentare, Analysen, Kurse oder sonstige Informationen werden \u201ewie besehen\u201c als allgemeine Kommentare und\/oder Meinungs\u00e4u\u00dferungen zur Verf\u00fcgung gestellt. Die Informationen sind m\u00f6glicherweise nicht vollst\u00e4ndig, korrekt oder aktuell und f\u00fcr manche Personen nicht geeignet, und sie k\u00f6nnen unter Umst\u00e4nden keine angemessene Grundlage f\u00fcr Anlageentscheidungen bieten.<\/p>\n\n\n\n<p style=\"font-size:14px\">\nZusammengefasst schlie\u00dft InvestX jegliche Haftung f\u00fcr jegliche Art von Sch\u00e4den aus, die direkt und\/oder indirekt in irgendeiner Weise aus der Nutzung der Website entstehen. Insbesondere haftet InvestX in keinem Fall f\u00fcr Sch\u00e4den, die verursacht werden durch:\n<\/p>\n\n\n\n<ul style=\"font-size:14px\" class=\"wp-block-list\">\n<li>Handlungen oder Unterlassungen Dritter;<\/li>\n\n\n\n<li>die Unm\u00f6glichkeit, die Website zu nutzen;<\/li>\n\n\n\n<li>die unrechtm\u00e4\u00dfige oder unsachgem\u00e4\u00dfe Nutzung der Website und\/oder der Computersysteme von <a href=\"https:\/\/preprod.investx.fr\">https:\/\/preprod.investx.fr\/de<\/a> durch Dritte.<\/li>\n<\/ul>\n\n\n\n<p style=\"font-size:14px\">\nDie auf der Website ver\u00f6ffentlichten Informationen sind m\u00f6glicherweise nicht immer korrekt. Es liegt in der Verantwortung des Lesers, die Richtigkeit der Angaben durch Konsultation verschiedener Quellen zu \u00fcberpr\u00fcfen.\n<\/p>\n\n\n\n<div style=\"height:100px\" aria-hidden=\"true\" class=\"wp-block-spacer\"><\/div>\n","protected":false},"excerpt":{"rendered":"<p>Hosting Die Website https:\/\/preprod.investx.fr\/de wird von Amazon Web Services gehostet: Amazon Web Services LLC P.O. Box 81226 Seattle, WA 98108-1226 Eigentum Die Inhalte dieser Website, einschlie\u00dflich, aber nicht beschr\u00e4nkt auf Bilder, Grafiken, Texte, Videos, Logos&#8230;<\/p>\n","protected":false},"author":4,"featured_media":0,"parent":0,"menu_order":0,"comment_status":"closed","ping_status":"closed","template":"not-full-width-page-template.php","meta":{"_acf_changed":false,"_yoast_wpseo_focuskw":"impressum","_yoast_wpseo_title":"Impressum von InvestX %%sep%% Rechtliche Hinweise & Kontakt","_yoast_wpseo_metadesc":"Dies ist das Impressum von InvestX. Hier finden Sie alle rechtlichen Informationen.","footnotes":"","faq_titre":"","questions_frequentes":"","custom_permalink":""},"class_list":["post-131","page","type-page","status-publish","hentry"],"acf":[],"yoast_head":"<!-- This site is optimized with the Yoast SEO plugin v26.4 - https:\/\/yoast.com\/wordpress\/plugins\/seo\/ -->\n<title>Impressum von InvestX - Rechtliche Hinweise &amp; Kontakt<\/title>\n<meta name=\"description\" content=\"Dies ist das Impressum von InvestX. Hier finden Sie alle rechtlichen Informationen.\" \/>\n<meta name=\"robots\" content=\"noindex, follow, max-snippet:-1, max-image-preview:large, max-video-preview:-1\" \/>\n<meta property=\"og:locale\" content=\"de_DE\" \/>\n<meta property=\"og:type\" content=\"article\" \/>\n<meta property=\"og:title\" content=\"Impressum von InvestX - Rechtliche Hinweise &amp; Kontakt\" \/>\n<meta property=\"og:description\" content=\"Dies ist das Impressum von InvestX. Hier finden Sie alle rechtlichen Informationen.\" \/>\n<meta property=\"og:site_name\" content=\"InvestX \u2013 Krypto-News, Trading-Guide, Preisanalysen &amp; Prognosen\" \/>\n<meta property=\"article:modified_time\" content=\"2025-02-10T20:39:26+00:00\" \/>\n<meta name=\"twitter:card\" content=\"summary_large_image\" \/>\n<meta name=\"twitter:label1\" content=\"Gesch\u00e4tzte Lesezeit\" \/>\n\t<meta name=\"twitter:data1\" content=\"5\u00a0Minuten\" \/>\n<script type=\"application\/ld+json\" class=\"yoast-schema-graph\">{\"@context\":\"https:\/\/schema.org\",\"@graph\":[{\"@type\":\"WebPage\",\"@id\":\"https:\/\/preprod.investx.fr\/de\/impressum\/\",\"url\":\"https:\/\/preprod.investx.fr\/de\/impressum\/\",\"name\":\"Impressum von InvestX - Rechtliche Hinweise & Kontakt\",\"isPartOf\":{\"@id\":\"https:\/\/preprod.investx.fr\/de\/#website\"},\"datePublished\":\"2025-02-10T20:39:25+00:00\",\"dateModified\":\"2025-02-10T20:39:26+00:00\",\"description\":\"Dies ist das Impressum von InvestX. Hier finden Sie alle rechtlichen Informationen.\",\"breadcrumb\":{\"@id\":\"https:\/\/preprod.investx.fr\/de\/impressum\/#breadcrumb\"},\"inLanguage\":\"de\",\"potentialAction\":[{\"@type\":\"ReadAction\",\"target\":[\"https:\/\/preprod.investx.fr\/de\/impressum\/\"]}]},{\"@type\":\"BreadcrumbList\",\"@id\":\"https:\/\/preprod.investx.fr\/de\/impressum\/#breadcrumb\",\"itemListElement\":[{\"@type\":\"ListItem\",\"position\":1,\"name\":\"Home\",\"item\":\"https:\/\/preprod.investx.fr\/de\/\"},{\"@type\":\"ListItem\",\"position\":2,\"name\":\"Impressum\"}]},{\"@type\":\"WebSite\",\"@id\":\"https:\/\/preprod.investx.fr\/de\/#website\",\"url\":\"https:\/\/preprod.investx.fr\/de\/\",\"name\":\"InvestX \u2013 Krypto-News, Trading-Guide, Preisanalysen & Prognosen\",\"description\":\"T\u00e4gliche Krypto-News und unbegrenzte Ressourcen zu Kryptow\u00e4hrungen, Trading, Blockchain, DeFi und mehr.\",\"publisher\":{\"@id\":\"https:\/\/preprod.investx.fr\/de\/#organization\"},\"potentialAction\":[{\"@type\":\"SearchAction\",\"target\":{\"@type\":\"EntryPoint\",\"urlTemplate\":\"https:\/\/preprod.investx.fr\/de\/?s={search_term_string}\"},\"query-input\":{\"@type\":\"PropertyValueSpecification\",\"valueRequired\":true,\"valueName\":\"search_term_string\"}}],\"inLanguage\":\"de\"},{\"@type\":\"Organization\",\"@id\":\"https:\/\/preprod.investx.fr\/de\/#organization\",\"name\":\"InvestX \u2013 Krypto-News, Trading-Guide, Preisanalysen & Prognosen\",\"url\":\"https:\/\/preprod.investx.fr\/de\/\",\"logo\":{\"@type\":\"ImageObject\",\"inLanguage\":\"de\",\"@id\":\"https:\/\/preprod.investx.fr\/de\/#\/schema\/logo\/image\/\",\"url\":\"https:\/\/preprod.investx.fr\/de\/wp-content\/uploads\/sites\/3\/2025\/02\/investx_logo_tr.png\",\"contentUrl\":\"https:\/\/preprod.investx.fr\/de\/wp-content\/uploads\/sites\/3\/2025\/02\/investx_logo_tr.png\",\"width\":1366,\"height\":768,\"caption\":\"InvestX \u2013 Krypto-News, Trading-Guide, Preisanalysen & Prognosen\"},\"image\":{\"@id\":\"https:\/\/preprod.investx.fr\/de\/#\/schema\/logo\/image\/\"}}]}<\/script>\n<!-- \/ Yoast SEO plugin. -->","yoast_head_json":{"title":"Impressum von InvestX - Rechtliche Hinweise & Kontakt","description":"Dies ist das Impressum von InvestX. Hier finden Sie alle rechtlichen Informationen.","robots":{"index":"noindex","follow":"follow","max-snippet":"max-snippet:-1","max-image-preview":"max-image-preview:large","max-video-preview":"max-video-preview:-1"},"og_locale":"de_DE","og_type":"article","og_title":"Impressum von InvestX - Rechtliche Hinweise & Kontakt","og_description":"Dies ist das Impressum von InvestX. Hier finden Sie alle rechtlichen Informationen.","og_site_name":"InvestX \u2013 Krypto-News, Trading-Guide, Preisanalysen &amp; Prognosen","article_modified_time":"2025-02-10T20:39:26+00:00","twitter_card":"summary_large_image","twitter_misc":{"Gesch\u00e4tzte Lesezeit":"5\u00a0Minuten"},"schema":{"@context":"https:\/\/schema.org","@graph":[{"@type":"WebPage","@id":"https:\/\/preprod.investx.fr\/de\/impressum\/","url":"https:\/\/preprod.investx.fr\/de\/impressum\/","name":"Impressum von InvestX - Rechtliche Hinweise & Kontakt","isPartOf":{"@id":"https:\/\/preprod.investx.fr\/de\/#website"},"datePublished":"2025-02-10T20:39:25+00:00","dateModified":"2025-02-10T20:39:26+00:00","description":"Dies ist das Impressum von InvestX. Hier finden Sie alle rechtlichen Informationen.","breadcrumb":{"@id":"https:\/\/preprod.investx.fr\/de\/impressum\/#breadcrumb"},"inLanguage":"de","potentialAction":[{"@type":"ReadAction","target":["https:\/\/preprod.investx.fr\/de\/impressum\/"]}]},{"@type":"BreadcrumbList","@id":"https:\/\/preprod.investx.fr\/de\/impressum\/#breadcrumb","itemListElement":[{"@type":"ListItem","position":1,"name":"Home","item":"https:\/\/preprod.investx.fr\/de\/"},{"@type":"ListItem","position":2,"name":"Impressum"}]},{"@type":"WebSite","@id":"https:\/\/preprod.investx.fr\/de\/#website","url":"https:\/\/preprod.investx.fr\/de\/","name":"InvestX \u2013 Krypto-News, Trading-Guide, Preisanalysen & Prognosen","description":"T\u00e4gliche Krypto-News und unbegrenzte Ressourcen zu Kryptow\u00e4hrungen, Trading, Blockchain, DeFi und mehr.","publisher":{"@id":"https:\/\/preprod.investx.fr\/de\/#organization"},"potentialAction":[{"@type":"SearchAction","target":{"@type":"EntryPoint","urlTemplate":"https:\/\/preprod.investx.fr\/de\/?s={search_term_string}"},"query-input":{"@type":"PropertyValueSpecification","valueRequired":true,"valueName":"search_term_string"}}],"inLanguage":"de"},{"@type":"Organization","@id":"https:\/\/preprod.investx.fr\/de\/#organization","name":"InvestX \u2013 Krypto-News, Trading-Guide, Preisanalysen & Prognosen","url":"https:\/\/preprod.investx.fr\/de\/","logo":{"@type":"ImageObject","inLanguage":"de","@id":"https:\/\/preprod.investx.fr\/de\/#\/schema\/logo\/image\/","url":"https:\/\/preprod.investx.fr\/de\/wp-content\/uploads\/sites\/3\/2025\/02\/investx_logo_tr.png","contentUrl":"https:\/\/preprod.investx.fr\/de\/wp-content\/uploads\/sites\/3\/2025\/02\/investx_logo_tr.png","width":1366,"height":768,"caption":"InvestX \u2013 Krypto-News, Trading-Guide, Preisanalysen & Prognosen"},"image":{"@id":"https:\/\/preprod.investx.fr\/de\/#\/schema\/logo\/image\/"}}]}},"_links":{"self":[{"href":"https:\/\/preprod.investx.fr\/de\/wp-json\/wp\/v2\/pages\/131","targetHints":{"allow":["GET"]}}],"collection":[{"href":"https:\/\/preprod.investx.fr\/de\/wp-json\/wp\/v2\/pages"}],"about":[{"href":"https:\/\/preprod.investx.fr\/de\/wp-json\/wp\/v2\/types\/page"}],"author":[{"embeddable":true,"href":"https:\/\/preprod.investx.fr\/de\/wp-json\/wp\/v2\/users\/4"}],"replies":[{"embeddable":true,"href":"https:\/\/preprod.investx.fr\/de\/wp-json\/wp\/v2\/comments?post=131"}],"version-history":[{"count":1,"href":"https:\/\/preprod.investx.fr\/de\/wp-json\/wp\/v2\/pages\/131\/revisions"}],"predecessor-version":[{"id":132,"href":"https:\/\/preprod.investx.fr\/de\/wp-json\/wp\/v2\/pages\/131\/revisions\/132"}],"wp:attachment":[{"href":"https:\/\/preprod.investx.fr\/de\/wp-json\/wp\/v2\/media?parent=131"}],"curies":[{"name":"wp","href":"https:\/\/api.w.org\/{rel}","templated":true}]}}