{"id":142,"date":"2025-02-10T22:14:11","date_gmt":"2025-02-10T21:14:11","guid":{"rendered":"https:\/\/investx.fr\/de\/?page_id=142"},"modified":"2025-02-10T22:14:12","modified_gmt":"2025-02-10T21:14:12","slug":"datenschutzerklaerung","status":"publish","type":"page","link":"https:\/\/preprod.investx.fr\/de\/datenschutzerklaerung\/","title":{"rendered":"Datenschutzerklaerung"},"content":{"rendered":"\n<p style=\"font-size:14px\">Lesen Sie die Datenschutzerkl\u00e4rung in <a href=\"https:\/\/preprod.investx.fr\/de\/privacy-policy\/\">Englisch<\/a>.<\/p>\n\n\n\n<h2 class=\"wp-block-heading\" id=\"datenschutzerklaerung\" style=\"font-size:14px\"><strong>Datenschutzerkl\u00e4rung<\/strong><\/h2>\n\n\n\n<p style=\"font-size:14px\">Die Website InvestX wird von der MLP Services Ltd betrieben und ist f\u00fcr die Verarbeitung Ihrer personenbezogenen Daten verantwortlich (Datenschutzverantwortlicher).<\/p>\n\n\n\n<p style=\"font-size:14px\">Wir haben diese Datenschutzerkl\u00e4rung verfasst, um zu verdeutlichen, wie wir die \u00fcber InvestX gesammelten Informationen verarbeiten und warum wir bestimmte personenbezogene Daten erheben m\u00fcssen. Bitte lesen Sie diese Erkl\u00e4rung sorgf\u00e4ltig durch, bevor Sie die Website von InvestX nutzen.<\/p>\n\n\n\n<p style=\"font-size:14px\">Der Schutz Ihrer pers\u00f6nlichen Daten ist uns sehr wichtig, und wir verpflichten uns, deren Vertraulichkeit und Sicherheit zu wahren.<\/p>\n\n\n\n<h2 class=\"wp-block-heading\" id=\"welche-personenbezogenen-daten-erfassen-wir\" style=\"font-size:14px\"><strong>Welche personenbezogenen Daten erfassen wir?<\/strong><\/h2>\n\n\n\n<p style=\"font-size:14px\">Wenn Sie die InvestX-Website besuchen, erfassen wir automatisch bestimmte Informationen \u00fcber Ihr Ger\u00e4t. Dazu geh\u00f6ren Informationen \u00fcber Ihren Webbrowser, Ihre IP-Adresse, Ihre Zeitzone sowie einige auf Ihrem Ger\u00e4t installierte Cookies. Au\u00dferdem sammeln wir Informationen dar\u00fcber, welche Seiten oder Produkte Sie sich ansehen, welche Websites oder Suchbegriffe Sie auf unsere Website gef\u00fchrt haben und wie Sie mit der Website interagieren. Diese automatisch erfassten Daten bezeichnen wir als \u201eGer\u00e4teinformationen\u201c. Dar\u00fcber hinaus k\u00f6nnen wir personenbezogene Daten verarbeiten, die Sie uns aktiv zur Verf\u00fcgung stellen (z. B. Name, Vorname, Anschrift, Zahlungsinformationen usw.), wenn Sie sich registrieren oder unsere Dienstleistungen in Anspruch nehmen.<\/p>\n\n\n\n<h2 class=\"wp-block-heading\" id=\"warum-verarbeiten-wir-ihre-daten\" style=\"font-size:14px\"><strong>Warum verarbeiten wir Ihre Daten?<\/strong><\/h2>\n\n\n\n<p style=\"font-size:14px\">Unser h\u00f6chstes Anliegen ist die Datensicherheit unserer Nutzer. Wir verarbeiten daher grunds\u00e4tzlich nur ein Minimum an Daten, das notwendig ist, um die Website ordnungsgem\u00e4\u00df betreiben zu k\u00f6nnen. Die automatisch erfassten Informationen werden ausschlie\u00dflich dazu verwendet, m\u00f6gliche Missbrauchsf\u00e4lle zu erkennen und statistische Informationen \u00fcber die Nutzung der Website zu erheben. Diese Statistiken werden nicht so zusammengef\u00fchrt, dass einzelne Nutzer identifiziert werden k\u00f6nnen.<\/p>\n\n\n\n<p style=\"font-size:14px\">Sie k\u00f6nnen unsere Website besuchen, ohne uns mitzuteilen, wer Sie sind oder Informationen preiszugeben, die Sie als bestimmte, identifizierbare Person ausweisen. Wenn Sie jedoch bestimmte Funktionen nutzen oder unseren Newsletter abonnieren m\u00f6chten \u2013 oder wenn Sie uns andere Informationen \u00fcber ein Formular \u00fcbermitteln m\u00f6chten \u2013, kann es erforderlich sein, dass Sie uns personenbezogene Daten wie Ihre E-Mail-Adresse, Ihren Vor- und Nachnamen, Ihren Wohnort, Ihre Organisation oder Ihre Telefonnummer zur Verf\u00fcgung stellen. Es steht Ihnen frei, diese personenbezogenen Daten nicht anzugeben. In diesem Fall k\u00f6nnen Sie allerdings m\u00f6glicherweise nicht alle Funktionen der Website nutzen (z. B. den Newsletter abonnieren oder uns direkt \u00fcber die Website kontaktieren). Nutzer, die sich unsicher sind, welche Daten verpflichtend sind, k\u00f6nnen sich jederzeit per E-Mail an <a href=\"mailto:contact@investx.fr\" target=\"_blank\" rel=\"noreferrer noopener\">contact@investx.fr<\/a> wenden.<\/p>\n\n\n\n<h2 class=\"wp-block-heading\" id=\"ihre-rechte\" style=\"font-size:14px\"><strong>Ihre Rechte<\/strong><\/h2>\n\n\n\n<p style=\"font-size:14px\">Als in der EU bzw. im Europ\u00e4ischen Wirtschaftsraum (EWR) ans\u00e4ssige Person haben Sie in Bezug auf Ihre personenbezogenen Daten folgende Rechte:<\/p>\n\n\n\n<ul class=\"wp-block-list\">\n<li style=\"font-size:14px\">Recht auf Auskunft<\/li>\n\n\n\n<li style=\"font-size:14px\">Recht auf Berichtigung<\/li>\n\n\n\n<li style=\"font-size:14px\">Recht auf L\u00f6schung (\u201eRecht auf Vergessenwerden\u201c)<\/li>\n\n\n\n<li style=\"font-size:14px\">Recht auf Einschr\u00e4nkung der Verarbeitung<\/li>\n\n\n\n<li style=\"font-size:14px\">Recht auf Daten\u00fcbertragbarkeit<\/li>\n\n\n\n<li style=\"font-size:14px\">Widerspruchsrecht<\/li>\n\n\n\n<li style=\"font-size:14px\">Rechte in Bezug auf automatisierte Entscheidungsfindung und Profiling<\/li>\n<\/ul>\n\n\n\n<p style=\"font-size:14px\">Wenn Sie eines dieser Rechte aus\u00fcben m\u00f6chten, kontaktieren Sie uns bitte unter den unten angegebenen Kontaktdaten.<\/p>\n\n\n\n<p style=\"font-size:14px\">Wenn Sie in der EU ans\u00e4ssig sind, weisen wir zudem darauf hin, dass wir Ihre Daten verarbeiten k\u00f6nnen, um Vertr\u00e4ge zu erf\u00fcllen, die wir mit Ihnen geschlossen haben (z. B. wenn Sie \u00fcber unsere Website etwas bestellen), oder um unsere oben aufgef\u00fchrten berechtigten Gesch\u00e4ftsinteressen zu verfolgen. Bitte beachten Sie auch, dass Ihre Daten unter Umst\u00e4nden in L\u00e4nder au\u00dferhalb der EU \u00fcbermittelt werden, etwa nach Kanada oder in die USA.<\/p>\n\n\n\n<h2 class=\"wp-block-heading\" id=\"links-zu-anderen-websites\" style=\"font-size:14px\"><strong>Links zu anderen Websites<\/strong><\/h2>\n\n\n\n<p style=\"font-size:14px\">Unsere Website kann Links zu anderen Websites enthalten, die nicht von uns betrieben oder kontrolliert werden. Bitte beachten Sie, dass wir nicht f\u00fcr die Datenschutzpraktiken solcher Drittanbieter oder Websites verantwortlich sind. Wir empfehlen Ihnen, wachsam zu sein, wenn Sie unsere Website verlassen, und die Datenschutzerkl\u00e4rungen aller Websites zu lesen, die potenziell personenbezogene Daten erfassen.<\/p>\n\n\n\n<h2 class=\"wp-block-heading\" id=\"datensicherheit\" style=\"font-size:14px\"><strong>Datensicherheit<\/strong><\/h2>\n\n\n\n<p style=\"font-size:14px\">Wir sch\u00fctzen die von Ihnen \u00fcbermittelten Informationen auf Computerservern in einer kontrollierten, sicheren Umgebung, die vor unbefugtem Zugriff, unbefugter Nutzung oder Offenlegung gesch\u00fctzt ist. Wir unterhalten angemessene administrative, technische und physische Schutzma\u00dfnahmen, um einen unbefugten Zugriff sowie eine unbefugte Verwendung, Ver\u00e4nderung oder Offenlegung personenbezogener Daten unter unserer Kontrolle zu verhindern. Allerdings ist keine Daten\u00fcbertragung \u00fcber das Internet oder ein drahtloses Netzwerk zu 100 % sicher.<\/p>\n\n\n\n<h2 class=\"wp-block-heading\" id=\"gesetzliche-offenlegung\" style=\"font-size:14px\"><strong>Gesetzliche Offenlegung<\/strong><\/h2>\n\n\n\n<p style=\"font-size:14px\">Wir legen alle Informationen offen, die wir erfassen, nutzen oder erhalten, wenn dies durch Gesetz oder gerichtliche Anordnung vorgeschrieben ist (z. B. bei Vorladungen oder \u00e4hnlichen rechtlichen Verfahren), oder wenn wir in gutem Glauben davon ausgehen, dass eine solche Offenlegung notwendig ist, um unsere Rechte zu sch\u00fctzen, Ihre Sicherheit oder die Sicherheit anderer zu gew\u00e4hrleisten, Betrugsf\u00e4lle zu untersuchen oder auf beh\u00f6rdliche Anfragen zu reagieren.<\/p>\n\n\n\n<h2 class=\"wp-block-heading\" id=\"kontaktinformationen\" style=\"font-size:14px\"><strong>Kontaktinformationen<\/strong><\/h2>\n\n\n\n<p style=\"font-size:14px\">Wenn Sie weitere Informationen zu dieser Datenschutzerkl\u00e4rung w\u00fcnschen oder Fragen zu Ihren Rechten und Ihren personenbezogenen Daten haben, k\u00f6nnen Sie uns jederzeit per E-Mail unter <a href=\"mailto:contact@investx.fr\" target=\"_blank\" rel=\"noreferrer noopener\">contact@investx.fr<\/a> erreichen.<\/p>\n","protected":false},"excerpt":{"rendered":"<p>Lesen Sie die Datenschutzerkl\u00e4rung in Englisch. Datenschutzerkl\u00e4rung Die Website InvestX wird von der MLP Services Ltd betrieben und ist f\u00fcr die Verarbeitung Ihrer personenbezogenen Daten verantwortlich (Datenschutzverantwortlicher). Wir haben diese Datenschutzerkl\u00e4rung verfasst, um zu verdeutlichen,&#8230;<\/p>\n","protected":false},"author":4,"featured_media":0,"parent":0,"menu_order":0,"comment_status":"closed","ping_status":"closed","template":"not-full-width-page-template.php","meta":{"_acf_changed":false,"_yoast_wpseo_focuskw":"datenschutzerklaerung","_yoast_wpseo_title":"","_yoast_wpseo_metadesc":"Erfahren Sie, wie InvestX Ihre Daten sch\u00fctzt, welche Informationen wir sammeln und welche Rechte Ihnen zustehen. Lesen Sie hier unsere Datenschutzerkl\u00e4rung.","footnotes":"","faq_titre":"","questions_frequentes":"","custom_permalink":""},"class_list":["post-142","page","type-page","status-publish","hentry"],"acf":[],"yoast_head":"<!-- This site is optimized with the Yoast SEO plugin v26.4 - https:\/\/yoast.com\/wordpress\/plugins\/seo\/ -->\n<title>Datenschutzerklaerung<\/title>\n<meta name=\"description\" content=\"Erfahren Sie, wie InvestX Ihre Daten sch\u00fctzt, welche Informationen wir sammeln und welche Rechte Ihnen zustehen. Lesen Sie hier unsere Datenschutzerkl\u00e4rung.\" \/>\n<meta name=\"robots\" content=\"noindex, follow, max-snippet:-1, max-image-preview:large, max-video-preview:-1\" \/>\n<meta property=\"og:locale\" content=\"de_DE\" \/>\n<meta property=\"og:type\" content=\"article\" \/>\n<meta property=\"og:title\" content=\"Datenschutzerklaerung\" \/>\n<meta property=\"og:description\" content=\"Erfahren Sie, wie InvestX Ihre Daten sch\u00fctzt, welche Informationen wir sammeln und welche Rechte Ihnen zustehen. Lesen Sie hier unsere Datenschutzerkl\u00e4rung.\" \/>\n<meta property=\"og:site_name\" content=\"InvestX \u2013 Krypto-News, Trading-Guide, Preisanalysen &amp; Prognosen\" \/>\n<meta property=\"article:modified_time\" content=\"2025-02-10T21:14:12+00:00\" \/>\n<meta name=\"twitter:card\" content=\"summary_large_image\" \/>\n<meta name=\"twitter:label1\" content=\"Gesch\u00e4tzte Lesezeit\" \/>\n\t<meta name=\"twitter:data1\" content=\"5\u00a0Minuten\" \/>\n<script type=\"application\/ld+json\" class=\"yoast-schema-graph\">{\"@context\":\"https:\/\/schema.org\",\"@graph\":[{\"@type\":\"WebPage\",\"@id\":\"https:\/\/preprod.investx.fr\/de\/datenschutzerklaerung\/\",\"url\":\"https:\/\/preprod.investx.fr\/de\/datenschutzerklaerung\/\",\"name\":\"Datenschutzerklaerung\",\"isPartOf\":{\"@id\":\"https:\/\/preprod.investx.fr\/de\/#website\"},\"datePublished\":\"2025-02-10T21:14:11+00:00\",\"dateModified\":\"2025-02-10T21:14:12+00:00\",\"description\":\"Erfahren Sie, wie InvestX Ihre Daten sch\u00fctzt, welche Informationen wir sammeln und welche Rechte Ihnen zustehen. Lesen Sie hier unsere Datenschutzerkl\u00e4rung.\",\"breadcrumb\":{\"@id\":\"https:\/\/preprod.investx.fr\/de\/datenschutzerklaerung\/#breadcrumb\"},\"inLanguage\":\"de\",\"potentialAction\":[{\"@type\":\"ReadAction\",\"target\":[\"https:\/\/preprod.investx.fr\/de\/datenschutzerklaerung\/\"]}]},{\"@type\":\"BreadcrumbList\",\"@id\":\"https:\/\/preprod.investx.fr\/de\/datenschutzerklaerung\/#breadcrumb\",\"itemListElement\":[{\"@type\":\"ListItem\",\"position\":1,\"name\":\"Home\",\"item\":\"https:\/\/preprod.investx.fr\/de\/\"},{\"@type\":\"ListItem\",\"position\":2,\"name\":\"Datenschutzerklaerung\"}]},{\"@type\":\"WebSite\",\"@id\":\"https:\/\/preprod.investx.fr\/de\/#website\",\"url\":\"https:\/\/preprod.investx.fr\/de\/\",\"name\":\"InvestX \u2013 Krypto-News, Trading-Guide, Preisanalysen & Prognosen\",\"description\":\"T\u00e4gliche Krypto-News und unbegrenzte Ressourcen zu Kryptow\u00e4hrungen, Trading, Blockchain, DeFi und mehr.\",\"publisher\":{\"@id\":\"https:\/\/preprod.investx.fr\/de\/#organization\"},\"potentialAction\":[{\"@type\":\"SearchAction\",\"target\":{\"@type\":\"EntryPoint\",\"urlTemplate\":\"https:\/\/preprod.investx.fr\/de\/?s={search_term_string}\"},\"query-input\":{\"@type\":\"PropertyValueSpecification\",\"valueRequired\":true,\"valueName\":\"search_term_string\"}}],\"inLanguage\":\"de\"},{\"@type\":\"Organization\",\"@id\":\"https:\/\/preprod.investx.fr\/de\/#organization\",\"name\":\"InvestX \u2013 Krypto-News, Trading-Guide, Preisanalysen & Prognosen\",\"url\":\"https:\/\/preprod.investx.fr\/de\/\",\"logo\":{\"@type\":\"ImageObject\",\"inLanguage\":\"de\",\"@id\":\"https:\/\/preprod.investx.fr\/de\/#\/schema\/logo\/image\/\",\"url\":\"https:\/\/preprod.investx.fr\/de\/wp-content\/uploads\/sites\/3\/2025\/02\/investx_logo_tr.png\",\"contentUrl\":\"https:\/\/preprod.investx.fr\/de\/wp-content\/uploads\/sites\/3\/2025\/02\/investx_logo_tr.png\",\"width\":1366,\"height\":768,\"caption\":\"InvestX \u2013 Krypto-News, Trading-Guide, Preisanalysen & Prognosen\"},\"image\":{\"@id\":\"https:\/\/preprod.investx.fr\/de\/#\/schema\/logo\/image\/\"}}]}<\/script>\n<!-- \/ Yoast SEO plugin. -->","yoast_head_json":{"title":"Datenschutzerklaerung","description":"Erfahren Sie, wie InvestX Ihre Daten sch\u00fctzt, welche Informationen wir sammeln und welche Rechte Ihnen zustehen. Lesen Sie hier unsere Datenschutzerkl\u00e4rung.","robots":{"index":"noindex","follow":"follow","max-snippet":"max-snippet:-1","max-image-preview":"max-image-preview:large","max-video-preview":"max-video-preview:-1"},"og_locale":"de_DE","og_type":"article","og_title":"Datenschutzerklaerung","og_description":"Erfahren Sie, wie InvestX Ihre Daten sch\u00fctzt, welche Informationen wir sammeln und welche Rechte Ihnen zustehen. Lesen Sie hier unsere Datenschutzerkl\u00e4rung.","og_site_name":"InvestX \u2013 Krypto-News, Trading-Guide, Preisanalysen &amp; Prognosen","article_modified_time":"2025-02-10T21:14:12+00:00","twitter_card":"summary_large_image","twitter_misc":{"Gesch\u00e4tzte Lesezeit":"5\u00a0Minuten"},"schema":{"@context":"https:\/\/schema.org","@graph":[{"@type":"WebPage","@id":"https:\/\/preprod.investx.fr\/de\/datenschutzerklaerung\/","url":"https:\/\/preprod.investx.fr\/de\/datenschutzerklaerung\/","name":"Datenschutzerklaerung","isPartOf":{"@id":"https:\/\/preprod.investx.fr\/de\/#website"},"datePublished":"2025-02-10T21:14:11+00:00","dateModified":"2025-02-10T21:14:12+00:00","description":"Erfahren Sie, wie InvestX Ihre Daten sch\u00fctzt, welche Informationen wir sammeln und welche Rechte Ihnen zustehen. Lesen Sie hier unsere Datenschutzerkl\u00e4rung.","breadcrumb":{"@id":"https:\/\/preprod.investx.fr\/de\/datenschutzerklaerung\/#breadcrumb"},"inLanguage":"de","potentialAction":[{"@type":"ReadAction","target":["https:\/\/preprod.investx.fr\/de\/datenschutzerklaerung\/"]}]},{"@type":"BreadcrumbList","@id":"https:\/\/preprod.investx.fr\/de\/datenschutzerklaerung\/#breadcrumb","itemListElement":[{"@type":"ListItem","position":1,"name":"Home","item":"https:\/\/preprod.investx.fr\/de\/"},{"@type":"ListItem","position":2,"name":"Datenschutzerklaerung"}]},{"@type":"WebSite","@id":"https:\/\/preprod.investx.fr\/de\/#website","url":"https:\/\/preprod.investx.fr\/de\/","name":"InvestX \u2013 Krypto-News, Trading-Guide, Preisanalysen & Prognosen","description":"T\u00e4gliche Krypto-News und unbegrenzte Ressourcen zu Kryptow\u00e4hrungen, Trading, Blockchain, DeFi und mehr.","publisher":{"@id":"https:\/\/preprod.investx.fr\/de\/#organization"},"potentialAction":[{"@type":"SearchAction","target":{"@type":"EntryPoint","urlTemplate":"https:\/\/preprod.investx.fr\/de\/?s={search_term_string}"},"query-input":{"@type":"PropertyValueSpecification","valueRequired":true,"valueName":"search_term_string"}}],"inLanguage":"de"},{"@type":"Organization","@id":"https:\/\/preprod.investx.fr\/de\/#organization","name":"InvestX \u2013 Krypto-News, Trading-Guide, Preisanalysen & Prognosen","url":"https:\/\/preprod.investx.fr\/de\/","logo":{"@type":"ImageObject","inLanguage":"de","@id":"https:\/\/preprod.investx.fr\/de\/#\/schema\/logo\/image\/","url":"https:\/\/preprod.investx.fr\/de\/wp-content\/uploads\/sites\/3\/2025\/02\/investx_logo_tr.png","contentUrl":"https:\/\/preprod.investx.fr\/de\/wp-content\/uploads\/sites\/3\/2025\/02\/investx_logo_tr.png","width":1366,"height":768,"caption":"InvestX \u2013 Krypto-News, Trading-Guide, Preisanalysen & Prognosen"},"image":{"@id":"https:\/\/preprod.investx.fr\/de\/#\/schema\/logo\/image\/"}}]}},"_links":{"self":[{"href":"https:\/\/preprod.investx.fr\/de\/wp-json\/wp\/v2\/pages\/142","targetHints":{"allow":["GET"]}}],"collection":[{"href":"https:\/\/preprod.investx.fr\/de\/wp-json\/wp\/v2\/pages"}],"about":[{"href":"https:\/\/preprod.investx.fr\/de\/wp-json\/wp\/v2\/types\/page"}],"author":[{"embeddable":true,"href":"https:\/\/preprod.investx.fr\/de\/wp-json\/wp\/v2\/users\/4"}],"replies":[{"embeddable":true,"href":"https:\/\/preprod.investx.fr\/de\/wp-json\/wp\/v2\/comments?post=142"}],"version-history":[{"count":1,"href":"https:\/\/preprod.investx.fr\/de\/wp-json\/wp\/v2\/pages\/142\/revisions"}],"predecessor-version":[{"id":143,"href":"https:\/\/preprod.investx.fr\/de\/wp-json\/wp\/v2\/pages\/142\/revisions\/143"}],"wp:attachment":[{"href":"https:\/\/preprod.investx.fr\/de\/wp-json\/wp\/v2\/media?parent=142"}],"curies":[{"name":"wp","href":"https:\/\/api.w.org\/{rel}","templated":true}]}}