{"id":37122,"date":"2025-12-12T10:42:51","date_gmt":"2025-12-12T09:42:51","guid":{"rendered":"https:\/\/investx.fr\/de\/?page_id=37122"},"modified":"2026-01-05T18:24:20","modified_gmt":"2026-01-05T17:24:20","slug":"xrp-4","status":"publish","type":"page","link":"https:\/\/preprod.investx.fr\/de\/xrp\/","title":{"rendered":"XRP"},"content":{"rendered":"<section class=\"titre-texte\">\r\n    <div class=\"container\">\r\n                        <h1 id=\"xrp-alle-unsere-artikel-ueber-die-kryptowaehrung-von-ripple\">XRP: Alle unsere Artikel \u00fcber die Kryptow\u00e4hrung von Ripple<\/h1>\r\n            <span class=\"trait\"><\/span>\r\n        <p><a href=\"https:\/\/preprod.investx.fr\/de\/investieren-krypto\/kaufen\/ripple-xrp\">XRP<\/a>, die von <strong>Ripple<\/strong> entwickelte Kryptow\u00e4hrung, nimmt dank ihrer Technologie, die internationale Zahlungen <strong>revolutionieren<\/strong> soll, einen einzigartigen Platz im Krypto-\u00d6kosystem ein. <strong>XRP<\/strong> ist schnell, kosteng\u00fcnstig und f\u00fcr grenz\u00fcberschreitende \u00dcberweisungen konzipiert und zieht sowohl Investoren als auch Finanzinstitute an. Zwischen regulatorischen Entwicklungen, technologischen Innovationen und Marktdynamiken ist seine <a href=\"https:\/\/preprod.investx.fr\/de\/krypto-news\/\">Aktualit\u00e4t<\/a> reichhaltig und oft <strong>entscheidend<\/strong> f\u00fcr den gesamten Sektor. Um seine Funktionsweise zu verstehen, seine Fortschritte zu verfolgen und seine Perspektiven zu analysieren, lesen Sie <strong>t\u00e4glich<\/strong> unsere Artikel, die von passionierten Experten verfasst werden:<\/p>\n    <\/div>\r\n<\/section>\r\n\n\n<section class=\"titre-texte\">\r\n    <div class=\"container\">\r\n                        <h2 id=\"\"><\/h2>\r\n            <span class=\"trait\"><\/span>\r\n        <p>Verfolgen Sie den Kurs von XRP in Echtzeit, um \u00fcber die neuesten Schwankungen und Marktentwicklungen auf dem Laufenden zu bleiben:<\/p>\n    <\/div>\r\n<\/section>\r\n\n\n\n<!-- TradingView Widget BEGIN -->\n<div class=\"tradingview-widget-container\">\n  <div class=\"tradingview-widget-container__widget\"><\/div>\n  <div class=\"tradingview-widget-copyright\"><a href=\"https:\/\/www.tradingview.com\/symbols\/XRPUSD\/?exchange=COINBASE\" rel=\"noopener nofollow\" target=\"_blank\"><span class=\"blue-text\">XPR price<\/span><\/a><span class=\"trademark\"> by TradingView<\/span><\/div>\n  <script type=\"text\/javascript\" src=\"https:\/\/s3.tradingview.com\/external-embedding\/embed-widget-mini-symbol-overview.js\" async>\n  {\n  \"symbol\": \"COINBASE:XRPUSD\",\n  \"chartOnly\": false,\n  \"dateRange\": \"12M\",\n  \"noTimeScale\": false,\n  \"colorTheme\": \"light\",\n  \"isTransparent\": false,\n  \"locale\": \"en\",\n  \"width\": \"100%\",\n  \"autosize\": true,\n  \"height\": \"100%\"\n}\n  <\/script>\n<\/div>\n<!-- TradingView Widget END -->\n","protected":false},"excerpt":{"rendered":"<p>XPR price by TradingView<\/p>\n","protected":false},"author":8,"featured_media":37129,"parent":0,"menu_order":0,"comment_status":"closed","ping_status":"closed","template":"category-template copy.php","meta":{"_acf_changed":false,"_yoast_wpseo_focuskw":"xrp","_yoast_wpseo_title":"XRP: Alle unsere Artikel \u00fcber die Kryptow\u00e4hrung von Ripple","_yoast_wpseo_metadesc":"Unsere Leitf\u00e4den und aktuellen Nachrichten zu einer der bekanntesten Kryptow\u00e4hrungen auf dem Markt. Hier erfahren Sie alles \u00fcber XRP.","footnotes":"","faq_titre":"","questions_frequentes":"{\"raw_value\":\"\"}","custom_permalink":""},"class_list":["post-37122","page","type-page","status-publish","has-post-thumbnail","hentry"],"acf":[],"yoast_head":"<!-- This site is optimized with the Yoast SEO plugin v26.4 - https:\/\/yoast.com\/wordpress\/plugins\/seo\/ -->\n<title>XRP: Alle unsere Artikel \u00fcber die Kryptow\u00e4hrung von Ripple<\/title>\n<meta name=\"description\" content=\"Unsere Leitf\u00e4den und aktuellen Nachrichten zu einer der bekanntesten Kryptow\u00e4hrungen auf dem Markt. Hier erfahren Sie alles \u00fcber XRP.\" \/>\n<meta name=\"robots\" content=\"noindex, follow, max-snippet:-1, max-image-preview:large, max-video-preview:-1\" \/>\n<meta property=\"og:locale\" content=\"de_DE\" \/>\n<meta property=\"og:type\" content=\"article\" \/>\n<meta property=\"og:title\" content=\"XRP: Alle unsere Artikel \u00fcber die Kryptow\u00e4hrung von Ripple\" \/>\n<meta property=\"og:description\" content=\"Unsere Leitf\u00e4den und aktuellen Nachrichten zu einer der bekanntesten Kryptow\u00e4hrungen auf dem Markt. Hier erfahren Sie alles \u00fcber XRP.\" \/>\n<meta property=\"og:site_name\" content=\"InvestX \u2013 Krypto-News, Trading-Guide, Preisanalysen &amp; Prognosen\" \/>\n<meta property=\"article:modified_time\" content=\"2026-01-05T17:24:20+00:00\" \/>\n<meta property=\"og:image\" content=\"https:\/\/investx.fr\/de\/wp-content\/uploads\/sites\/3\/2025\/12\/xrp.png\" \/>\n\t<meta property=\"og:image:width\" content=\"840\" \/>\n\t<meta property=\"og:image:height\" content=\"560\" \/>\n\t<meta property=\"og:image:type\" content=\"image\/png\" \/>\n<meta name=\"twitter:card\" content=\"summary_large_image\" \/>\n<meta name=\"twitter:label1\" content=\"Gesch\u00e4tzte Lesezeit\" \/>\n\t<meta name=\"twitter:data1\" content=\"1\u00a0Minute\" \/>\n<script type=\"application\/ld+json\" class=\"yoast-schema-graph\">{\"@context\":\"https:\/\/schema.org\",\"@graph\":[{\"@type\":\"WebPage\",\"@id\":\"https:\/\/preprod.investx.fr\/de\/xrp\/\",\"url\":\"https:\/\/preprod.investx.fr\/de\/xrp\/\",\"name\":\"XRP: Alle unsere Artikel \u00fcber die Kryptow\u00e4hrung von Ripple\",\"isPartOf\":{\"@id\":\"https:\/\/preprod.investx.fr\/de\/#website\"},\"primaryImageOfPage\":{\"@id\":\"https:\/\/preprod.investx.fr\/de\/xrp\/#primaryimage\"},\"image\":{\"@id\":\"https:\/\/preprod.investx.fr\/de\/xrp\/#primaryimage\"},\"thumbnailUrl\":\"https:\/\/media.investx.fr\/wp-content\/uploads\/sites\/3\/2025\/12\/xrp.png\",\"datePublished\":\"2025-12-12T09:42:51+00:00\",\"dateModified\":\"2026-01-05T17:24:20+00:00\",\"description\":\"Unsere Leitf\u00e4den und aktuellen Nachrichten zu einer der bekanntesten Kryptow\u00e4hrungen auf dem Markt. Hier erfahren Sie alles \u00fcber XRP.\",\"breadcrumb\":{\"@id\":\"https:\/\/preprod.investx.fr\/de\/xrp\/#breadcrumb\"},\"inLanguage\":\"de\",\"potentialAction\":[{\"@type\":\"ReadAction\",\"target\":[\"https:\/\/preprod.investx.fr\/de\/xrp\/\"]}]},{\"@type\":\"ImageObject\",\"inLanguage\":\"de\",\"@id\":\"https:\/\/preprod.investx.fr\/de\/xrp\/#primaryimage\",\"url\":\"https:\/\/media.investx.fr\/wp-content\/uploads\/sites\/3\/2025\/12\/xrp.png\",\"contentUrl\":\"https:\/\/media.investx.fr\/wp-content\/uploads\/sites\/3\/2025\/12\/xrp.png\",\"width\":840,\"height\":560,\"caption\":\"Logo der Kryptow\u00e4hrung Ripple XRP in Wei\u00df auf dunkelblauem Hintergrund\"},{\"@type\":\"BreadcrumbList\",\"@id\":\"https:\/\/preprod.investx.fr\/de\/xrp\/#breadcrumb\",\"itemListElement\":[{\"@type\":\"ListItem\",\"position\":1,\"name\":\"Home\",\"item\":\"https:\/\/preprod.investx.fr\/de\/\"},{\"@type\":\"ListItem\",\"position\":2,\"name\":\"XRP\"}]},{\"@type\":\"WebSite\",\"@id\":\"https:\/\/preprod.investx.fr\/de\/#website\",\"url\":\"https:\/\/preprod.investx.fr\/de\/\",\"name\":\"InvestX \u2013 Krypto-News, Trading-Guide, Preisanalysen & Prognosen\",\"description\":\"T\u00e4gliche Krypto-News und unbegrenzte Ressourcen zu Kryptow\u00e4hrungen, Trading, Blockchain, DeFi und mehr.\",\"publisher\":{\"@id\":\"https:\/\/preprod.investx.fr\/de\/#organization\"},\"potentialAction\":[{\"@type\":\"SearchAction\",\"target\":{\"@type\":\"EntryPoint\",\"urlTemplate\":\"https:\/\/preprod.investx.fr\/de\/?s={search_term_string}\"},\"query-input\":{\"@type\":\"PropertyValueSpecification\",\"valueRequired\":true,\"valueName\":\"search_term_string\"}}],\"inLanguage\":\"de\"},{\"@type\":\"Organization\",\"@id\":\"https:\/\/preprod.investx.fr\/de\/#organization\",\"name\":\"InvestX \u2013 Krypto-News, Trading-Guide, Preisanalysen & Prognosen\",\"url\":\"https:\/\/preprod.investx.fr\/de\/\",\"logo\":{\"@type\":\"ImageObject\",\"inLanguage\":\"de\",\"@id\":\"https:\/\/preprod.investx.fr\/de\/#\/schema\/logo\/image\/\",\"url\":\"https:\/\/preprod.investx.fr\/de\/wp-content\/uploads\/sites\/3\/2025\/02\/investx_logo_tr.png\",\"contentUrl\":\"https:\/\/preprod.investx.fr\/de\/wp-content\/uploads\/sites\/3\/2025\/02\/investx_logo_tr.png\",\"width\":1366,\"height\":768,\"caption\":\"InvestX \u2013 Krypto-News, Trading-Guide, Preisanalysen & Prognosen\"},\"image\":{\"@id\":\"https:\/\/preprod.investx.fr\/de\/#\/schema\/logo\/image\/\"}}]}<\/script>\n<!-- \/ Yoast SEO plugin. -->","yoast_head_json":{"title":"XRP: Alle unsere Artikel \u00fcber die Kryptow\u00e4hrung von Ripple","description":"Unsere Leitf\u00e4den und aktuellen Nachrichten zu einer der bekanntesten Kryptow\u00e4hrungen auf dem Markt. Hier erfahren Sie alles \u00fcber XRP.","robots":{"index":"noindex","follow":"follow","max-snippet":"max-snippet:-1","max-image-preview":"max-image-preview:large","max-video-preview":"max-video-preview:-1"},"og_locale":"de_DE","og_type":"article","og_title":"XRP: Alle unsere Artikel \u00fcber die Kryptow\u00e4hrung von Ripple","og_description":"Unsere Leitf\u00e4den und aktuellen Nachrichten zu einer der bekanntesten Kryptow\u00e4hrungen auf dem Markt. Hier erfahren Sie alles \u00fcber XRP.","og_site_name":"InvestX \u2013 Krypto-News, Trading-Guide, Preisanalysen &amp; Prognosen","article_modified_time":"2026-01-05T17:24:20+00:00","og_image":[{"width":840,"height":560,"url":"https:\/\/investx.fr\/de\/wp-content\/uploads\/sites\/3\/2025\/12\/xrp.png","type":"image\/png"}],"twitter_card":"summary_large_image","twitter_misc":{"Gesch\u00e4tzte Lesezeit":"1\u00a0Minute"},"schema":{"@context":"https:\/\/schema.org","@graph":[{"@type":"WebPage","@id":"https:\/\/preprod.investx.fr\/de\/xrp\/","url":"https:\/\/preprod.investx.fr\/de\/xrp\/","name":"XRP: Alle unsere Artikel \u00fcber die Kryptow\u00e4hrung von Ripple","isPartOf":{"@id":"https:\/\/preprod.investx.fr\/de\/#website"},"primaryImageOfPage":{"@id":"https:\/\/preprod.investx.fr\/de\/xrp\/#primaryimage"},"image":{"@id":"https:\/\/preprod.investx.fr\/de\/xrp\/#primaryimage"},"thumbnailUrl":"https:\/\/media.investx.fr\/wp-content\/uploads\/sites\/3\/2025\/12\/xrp.png","datePublished":"2025-12-12T09:42:51+00:00","dateModified":"2026-01-05T17:24:20+00:00","description":"Unsere Leitf\u00e4den und aktuellen Nachrichten zu einer der bekanntesten Kryptow\u00e4hrungen auf dem Markt. Hier erfahren Sie alles \u00fcber XRP.","breadcrumb":{"@id":"https:\/\/preprod.investx.fr\/de\/xrp\/#breadcrumb"},"inLanguage":"de","potentialAction":[{"@type":"ReadAction","target":["https:\/\/preprod.investx.fr\/de\/xrp\/"]}]},{"@type":"ImageObject","inLanguage":"de","@id":"https:\/\/preprod.investx.fr\/de\/xrp\/#primaryimage","url":"https:\/\/media.investx.fr\/wp-content\/uploads\/sites\/3\/2025\/12\/xrp.png","contentUrl":"https:\/\/media.investx.fr\/wp-content\/uploads\/sites\/3\/2025\/12\/xrp.png","width":840,"height":560,"caption":"Logo der Kryptow\u00e4hrung Ripple XRP in Wei\u00df auf dunkelblauem Hintergrund"},{"@type":"BreadcrumbList","@id":"https:\/\/preprod.investx.fr\/de\/xrp\/#breadcrumb","itemListElement":[{"@type":"ListItem","position":1,"name":"Home","item":"https:\/\/preprod.investx.fr\/de\/"},{"@type":"ListItem","position":2,"name":"XRP"}]},{"@type":"WebSite","@id":"https:\/\/preprod.investx.fr\/de\/#website","url":"https:\/\/preprod.investx.fr\/de\/","name":"InvestX \u2013 Krypto-News, Trading-Guide, Preisanalysen & Prognosen","description":"T\u00e4gliche Krypto-News und unbegrenzte Ressourcen zu Kryptow\u00e4hrungen, Trading, Blockchain, DeFi und mehr.","publisher":{"@id":"https:\/\/preprod.investx.fr\/de\/#organization"},"potentialAction":[{"@type":"SearchAction","target":{"@type":"EntryPoint","urlTemplate":"https:\/\/preprod.investx.fr\/de\/?s={search_term_string}"},"query-input":{"@type":"PropertyValueSpecification","valueRequired":true,"valueName":"search_term_string"}}],"inLanguage":"de"},{"@type":"Organization","@id":"https:\/\/preprod.investx.fr\/de\/#organization","name":"InvestX \u2013 Krypto-News, Trading-Guide, Preisanalysen & Prognosen","url":"https:\/\/preprod.investx.fr\/de\/","logo":{"@type":"ImageObject","inLanguage":"de","@id":"https:\/\/preprod.investx.fr\/de\/#\/schema\/logo\/image\/","url":"https:\/\/preprod.investx.fr\/de\/wp-content\/uploads\/sites\/3\/2025\/02\/investx_logo_tr.png","contentUrl":"https:\/\/preprod.investx.fr\/de\/wp-content\/uploads\/sites\/3\/2025\/02\/investx_logo_tr.png","width":1366,"height":768,"caption":"InvestX \u2013 Krypto-News, Trading-Guide, Preisanalysen & Prognosen"},"image":{"@id":"https:\/\/preprod.investx.fr\/de\/#\/schema\/logo\/image\/"}}]}},"_links":{"self":[{"href":"https:\/\/preprod.investx.fr\/de\/wp-json\/wp\/v2\/pages\/37122","targetHints":{"allow":["GET"]}}],"collection":[{"href":"https:\/\/preprod.investx.fr\/de\/wp-json\/wp\/v2\/pages"}],"about":[{"href":"https:\/\/preprod.investx.fr\/de\/wp-json\/wp\/v2\/types\/page"}],"author":[{"embeddable":true,"href":"https:\/\/preprod.investx.fr\/de\/wp-json\/wp\/v2\/users\/8"}],"replies":[{"embeddable":true,"href":"https:\/\/preprod.investx.fr\/de\/wp-json\/wp\/v2\/comments?post=37122"}],"version-history":[{"count":6,"href":"https:\/\/preprod.investx.fr\/de\/wp-json\/wp\/v2\/pages\/37122\/revisions"}],"predecessor-version":[{"id":38476,"href":"https:\/\/preprod.investx.fr\/de\/wp-json\/wp\/v2\/pages\/37122\/revisions\/38476"}],"wp:featuredmedia":[{"embeddable":true,"href":"https:\/\/preprod.investx.fr\/de\/wp-json\/wp\/v2\/media\/37129"}],"wp:attachment":[{"href":"https:\/\/preprod.investx.fr\/de\/wp-json\/wp\/v2\/media?parent=37122"}],"curies":[{"name":"wp","href":"https:\/\/api.w.org\/{rel}","templated":true}]}}