{"id":83,"date":"2025-02-10T16:56:15","date_gmt":"2025-02-10T15:56:15","guid":{"rendered":"https:\/\/investx.fr\/de\/?page_id=83"},"modified":"2025-02-10T16:56:16","modified_gmt":"2025-02-10T15:56:16","slug":"ki","status":"publish","type":"page","link":"https:\/\/preprod.investx.fr\/de\/ki\/","title":{"rendered":"KI"},"content":{"rendered":"","protected":false},"excerpt":{"rendered":"","protected":false},"author":4,"featured_media":0,"parent":0,"menu_order":0,"comment_status":"closed","ping_status":"closed","template":"category-template.php","meta":{"_acf_changed":false,"_yoast_wpseo_focuskw":"ki","_yoast_wpseo_title":"K\u00fcnstliche Intelligenz verstehen : Dein Guide zu KI %%currentyear%%","_yoast_wpseo_metadesc":"K\u00fcnstliche Intelligenz revolutioniert Technologie und Finanzen. Erfahre alles \u00fcber KI, ihre Anwendungen und das Potenzial f\u00fcr die Zukunft.","footnotes":"","faq_titre":"","questions_frequentes":"","custom_permalink":""},"class_list":["post-83","page","type-page","status-publish","hentry"],"acf":[],"yoast_head":"<!-- This site is optimized with the Yoast SEO plugin v26.4 - https:\/\/yoast.com\/wordpress\/plugins\/seo\/ -->\n<title>K\u00fcnstliche Intelligenz verstehen : Dein Guide zu KI 2026<\/title>\n<meta name=\"description\" content=\"K\u00fcnstliche Intelligenz revolutioniert Technologie und Finanzen. Erfahre alles \u00fcber KI, ihre Anwendungen und das Potenzial f\u00fcr die Zukunft.\" \/>\n<meta name=\"robots\" content=\"noindex, follow, max-snippet:-1, max-image-preview:large, max-video-preview:-1\" \/>\n<meta property=\"og:locale\" content=\"de_DE\" \/>\n<meta property=\"og:type\" content=\"article\" \/>\n<meta property=\"og:title\" content=\"K\u00fcnstliche Intelligenz verstehen : Dein Guide zu KI 2026\" \/>\n<meta property=\"og:description\" content=\"K\u00fcnstliche Intelligenz revolutioniert Technologie und Finanzen. Erfahre alles \u00fcber KI, ihre Anwendungen und das Potenzial f\u00fcr die Zukunft.\" \/>\n<meta property=\"og:site_name\" content=\"InvestX \u2013 Krypto-News, Trading-Guide, Preisanalysen &amp; Prognosen\" \/>\n<meta property=\"article:modified_time\" content=\"2025-02-10T15:56:16+00:00\" \/>\n<meta name=\"twitter:card\" content=\"summary_large_image\" \/>\n<script type=\"application\/ld+json\" class=\"yoast-schema-graph\">{\"@context\":\"https:\/\/schema.org\",\"@graph\":[{\"@type\":\"WebPage\",\"@id\":\"https:\/\/preprod.investx.fr\/de\/ki\/\",\"url\":\"https:\/\/preprod.investx.fr\/de\/ki\/\",\"name\":\"K\u00fcnstliche Intelligenz verstehen : Dein Guide zu KI 2026\",\"isPartOf\":{\"@id\":\"https:\/\/preprod.investx.fr\/de\/#website\"},\"datePublished\":\"2025-02-10T15:56:15+00:00\",\"dateModified\":\"2025-02-10T15:56:16+00:00\",\"description\":\"K\u00fcnstliche Intelligenz revolutioniert Technologie und Finanzen. Erfahre alles \u00fcber KI, ihre Anwendungen und das Potenzial f\u00fcr die Zukunft.\",\"breadcrumb\":{\"@id\":\"https:\/\/preprod.investx.fr\/de\/ki\/#breadcrumb\"},\"inLanguage\":\"de\",\"potentialAction\":[{\"@type\":\"ReadAction\",\"target\":[\"https:\/\/preprod.investx.fr\/de\/ki\/\"]}]},{\"@type\":\"BreadcrumbList\",\"@id\":\"https:\/\/preprod.investx.fr\/de\/ki\/#breadcrumb\",\"itemListElement\":[{\"@type\":\"ListItem\",\"position\":1,\"name\":\"Home\",\"item\":\"https:\/\/preprod.investx.fr\/de\/\"},{\"@type\":\"ListItem\",\"position\":2,\"name\":\"KI\"}]},{\"@type\":\"WebSite\",\"@id\":\"https:\/\/preprod.investx.fr\/de\/#website\",\"url\":\"https:\/\/preprod.investx.fr\/de\/\",\"name\":\"InvestX \u2013 Krypto-News, Trading-Guide, Preisanalysen & Prognosen\",\"description\":\"T\u00e4gliche Krypto-News und unbegrenzte Ressourcen zu Kryptow\u00e4hrungen, Trading, Blockchain, DeFi und mehr.\",\"publisher\":{\"@id\":\"https:\/\/preprod.investx.fr\/de\/#organization\"},\"potentialAction\":[{\"@type\":\"SearchAction\",\"target\":{\"@type\":\"EntryPoint\",\"urlTemplate\":\"https:\/\/preprod.investx.fr\/de\/?s={search_term_string}\"},\"query-input\":{\"@type\":\"PropertyValueSpecification\",\"valueRequired\":true,\"valueName\":\"search_term_string\"}}],\"inLanguage\":\"de\"},{\"@type\":\"Organization\",\"@id\":\"https:\/\/preprod.investx.fr\/de\/#organization\",\"name\":\"InvestX \u2013 Krypto-News, Trading-Guide, Preisanalysen & Prognosen\",\"url\":\"https:\/\/preprod.investx.fr\/de\/\",\"logo\":{\"@type\":\"ImageObject\",\"inLanguage\":\"de\",\"@id\":\"https:\/\/preprod.investx.fr\/de\/#\/schema\/logo\/image\/\",\"url\":\"https:\/\/preprod.investx.fr\/de\/wp-content\/uploads\/sites\/3\/2025\/02\/investx_logo_tr.png\",\"contentUrl\":\"https:\/\/preprod.investx.fr\/de\/wp-content\/uploads\/sites\/3\/2025\/02\/investx_logo_tr.png\",\"width\":1366,\"height\":768,\"caption\":\"InvestX \u2013 Krypto-News, Trading-Guide, Preisanalysen & Prognosen\"},\"image\":{\"@id\":\"https:\/\/preprod.investx.fr\/de\/#\/schema\/logo\/image\/\"}}]}<\/script>\n<!-- \/ Yoast SEO plugin. -->","yoast_head_json":{"title":"K\u00fcnstliche Intelligenz verstehen : Dein Guide zu KI 2026","description":"K\u00fcnstliche Intelligenz revolutioniert Technologie und Finanzen. Erfahre alles \u00fcber KI, ihre Anwendungen und das Potenzial f\u00fcr die Zukunft.","robots":{"index":"noindex","follow":"follow","max-snippet":"max-snippet:-1","max-image-preview":"max-image-preview:large","max-video-preview":"max-video-preview:-1"},"og_locale":"de_DE","og_type":"article","og_title":"K\u00fcnstliche Intelligenz verstehen : Dein Guide zu KI 2026","og_description":"K\u00fcnstliche Intelligenz revolutioniert Technologie und Finanzen. Erfahre alles \u00fcber KI, ihre Anwendungen und das Potenzial f\u00fcr die Zukunft.","og_site_name":"InvestX \u2013 Krypto-News, Trading-Guide, Preisanalysen &amp; Prognosen","article_modified_time":"2025-02-10T15:56:16+00:00","twitter_card":"summary_large_image","schema":{"@context":"https:\/\/schema.org","@graph":[{"@type":"WebPage","@id":"https:\/\/preprod.investx.fr\/de\/ki\/","url":"https:\/\/preprod.investx.fr\/de\/ki\/","name":"K\u00fcnstliche Intelligenz verstehen : Dein Guide zu KI 2026","isPartOf":{"@id":"https:\/\/preprod.investx.fr\/de\/#website"},"datePublished":"2025-02-10T15:56:15+00:00","dateModified":"2025-02-10T15:56:16+00:00","description":"K\u00fcnstliche Intelligenz revolutioniert Technologie und Finanzen. Erfahre alles \u00fcber KI, ihre Anwendungen und das Potenzial f\u00fcr die Zukunft.","breadcrumb":{"@id":"https:\/\/preprod.investx.fr\/de\/ki\/#breadcrumb"},"inLanguage":"de","potentialAction":[{"@type":"ReadAction","target":["https:\/\/preprod.investx.fr\/de\/ki\/"]}]},{"@type":"BreadcrumbList","@id":"https:\/\/preprod.investx.fr\/de\/ki\/#breadcrumb","itemListElement":[{"@type":"ListItem","position":1,"name":"Home","item":"https:\/\/preprod.investx.fr\/de\/"},{"@type":"ListItem","position":2,"name":"KI"}]},{"@type":"WebSite","@id":"https:\/\/preprod.investx.fr\/de\/#website","url":"https:\/\/preprod.investx.fr\/de\/","name":"InvestX \u2013 Krypto-News, Trading-Guide, Preisanalysen & Prognosen","description":"T\u00e4gliche Krypto-News und unbegrenzte Ressourcen zu Kryptow\u00e4hrungen, Trading, Blockchain, DeFi und mehr.","publisher":{"@id":"https:\/\/preprod.investx.fr\/de\/#organization"},"potentialAction":[{"@type":"SearchAction","target":{"@type":"EntryPoint","urlTemplate":"https:\/\/preprod.investx.fr\/de\/?s={search_term_string}"},"query-input":{"@type":"PropertyValueSpecification","valueRequired":true,"valueName":"search_term_string"}}],"inLanguage":"de"},{"@type":"Organization","@id":"https:\/\/preprod.investx.fr\/de\/#organization","name":"InvestX \u2013 Krypto-News, Trading-Guide, Preisanalysen & Prognosen","url":"https:\/\/preprod.investx.fr\/de\/","logo":{"@type":"ImageObject","inLanguage":"de","@id":"https:\/\/preprod.investx.fr\/de\/#\/schema\/logo\/image\/","url":"https:\/\/preprod.investx.fr\/de\/wp-content\/uploads\/sites\/3\/2025\/02\/investx_logo_tr.png","contentUrl":"https:\/\/preprod.investx.fr\/de\/wp-content\/uploads\/sites\/3\/2025\/02\/investx_logo_tr.png","width":1366,"height":768,"caption":"InvestX \u2013 Krypto-News, Trading-Guide, Preisanalysen & Prognosen"},"image":{"@id":"https:\/\/preprod.investx.fr\/de\/#\/schema\/logo\/image\/"}}]}},"_links":{"self":[{"href":"https:\/\/preprod.investx.fr\/de\/wp-json\/wp\/v2\/pages\/83","targetHints":{"allow":["GET"]}}],"collection":[{"href":"https:\/\/preprod.investx.fr\/de\/wp-json\/wp\/v2\/pages"}],"about":[{"href":"https:\/\/preprod.investx.fr\/de\/wp-json\/wp\/v2\/types\/page"}],"author":[{"embeddable":true,"href":"https:\/\/preprod.investx.fr\/de\/wp-json\/wp\/v2\/users\/4"}],"replies":[{"embeddable":true,"href":"https:\/\/preprod.investx.fr\/de\/wp-json\/wp\/v2\/comments?post=83"}],"version-history":[{"count":2,"href":"https:\/\/preprod.investx.fr\/de\/wp-json\/wp\/v2\/pages\/83\/revisions"}],"predecessor-version":[{"id":85,"href":"https:\/\/preprod.investx.fr\/de\/wp-json\/wp\/v2\/pages\/83\/revisions\/85"}],"wp:attachment":[{"href":"https:\/\/preprod.investx.fr\/de\/wp-json\/wp\/v2\/media?parent=83"}],"curies":[{"name":"wp","href":"https:\/\/api.w.org\/{rel}","templated":true}]}}