{"id":24033,"date":"2025-12-12T09:53:44","date_gmt":"2025-12-12T09:53:44","guid":{"rendered":"https:\/\/investx.fr\/es\/?page_id=24033"},"modified":"2026-01-05T17:23:20","modified_gmt":"2026-01-05T17:23:20","slug":"xrp","status":"publish","type":"page","link":"https:\/\/preprod.investx.fr\/es\/xrp\/","title":{"rendered":"XRP"},"content":{"rendered":"<section class=\"titre-texte\">\r\n    <div class=\"container\">\r\n                        <h1 id=\"xrp-todos-nuestros-articulos-sobre-la-cripto-de-ripple\">XRP: Todos nuestros art\u00edculos sobre la cripto de Ripple<\/h1>\r\n            <span class=\"trait\"><\/span>\r\n        <p><a href=\"https:\/\/preprod.investx.fr\/es\/invertir-criptomonedas\/comprar\/ripple-xrp\">XRP<\/a>, la criptomoneda desarrollada por <strong>Ripple<\/strong>, ocupa un lugar \u00fanico en el ecosistema criptogr\u00e1fico gracias a su tecnolog\u00eda dise\u00f1ada para <strong>revolucionar los pagos internacionales<\/strong>. R\u00e1pida, econ\u00f3mica y dise\u00f1ada para facilitar las transferencias transfronterizas, <strong>XRP<\/strong> atrae tanto a inversores como a instituciones financieras. Entre los cambios normativos, las innovaciones tecnol\u00f3gicas y la din\u00e1mica del mercado, su <a href=\"https:\/\/preprod.investx.fr\/es\/noticias-cripto\/\">actualidad<\/a> es rica y, a menudo, <strong>determinante<\/strong> para todo el sector. Para comprender su funcionamiento, seguir sus avances y analizar sus perspectivas, descubra <strong>cada d\u00eda<\/strong> nuestros art\u00edculos redactados por expertos apasionados.<\/p>\n    <\/div>\r\n<\/section>\r\n\n\n<section class=\"titre-texte\">\r\n    <div class=\"container\">\r\n                        <h2 id=\"\"><\/h2>\r\n            <span class=\"trait\"><\/span>\r\n        <p>Siga en <strong>tiempo real<\/strong> el precio del XRP para mantenerse informado de sus \u00faltimas variaciones y de la evoluci\u00f3n del mercado:<\/p>\n    <\/div>\r\n<\/section>\r\n\n\n\n<!-- TradingView Widget BEGIN -->\n<div class=\"tradingview-widget-container\">\n  <div class=\"tradingview-widget-container__widget\"><\/div>\n  <div class=\"tradingview-widget-copyright\"><a href=\"https:\/\/www.tradingview.com\/symbols\/XRPUSD\/?exchange=COINBASE\" rel=\"noopener nofollow\" target=\"_blank\"><span class=\"blue-text\">XPR price<\/span><\/a><span class=\"trademark\"> by TradingView<\/span><\/div>\n  <script type=\"text\/javascript\" src=\"https:\/\/s3.tradingview.com\/external-embedding\/embed-widget-mini-symbol-overview.js\" async>\n  {\n  \"symbol\": \"COINBASE:XRPUSD\",\n  \"chartOnly\": false,\n  \"dateRange\": \"12M\",\n  \"noTimeScale\": false,\n  \"colorTheme\": \"light\",\n  \"isTransparent\": false,\n  \"locale\": \"en\",\n  \"width\": \"100%\",\n  \"autosize\": true,\n  \"height\": \"100%\"\n}\n  <\/script>\n<\/div>\n<!-- TradingView Widget END -->\n\n\n\n<p><\/p>\n","protected":false},"excerpt":{"rendered":"<p>XPR price by TradingView<\/p>\n","protected":false},"author":8,"featured_media":24046,"parent":0,"menu_order":0,"comment_status":"closed","ping_status":"closed","template":"category-template copy.php","meta":{"_acf_changed":false,"_yoast_wpseo_focuskw":"xrp","_yoast_wpseo_title":"XRP: Todos nuestros art\u00edculos sobre la cripto de Ripple","_yoast_wpseo_metadesc":"Nuestras gu\u00edas y \u00faltimas noticias sobre una de las criptomonedas m\u00e1s emblem\u00e1ticas del mercado. Lo sabr\u00e1 todo sobre el XRP.","footnotes":"","faq_titre":"","questions_frequentes":"{\"raw_value\":\"\"}","custom_permalink":""},"class_list":["post-24033","page","type-page","status-publish","has-post-thumbnail","hentry"],"acf":[],"yoast_head":"<!-- This site is optimized with the Yoast SEO plugin v26.4 - https:\/\/yoast.com\/wordpress\/plugins\/seo\/ -->\n<title>XRP: Todos nuestros art\u00edculos sobre la cripto de Ripple<\/title>\n<meta name=\"description\" content=\"Nuestras gu\u00edas y \u00faltimas noticias sobre una de las criptomonedas m\u00e1s emblem\u00e1ticas del mercado. Lo sabr\u00e1 todo sobre el XRP.\" \/>\n<meta name=\"robots\" content=\"noindex, follow, max-snippet:-1, max-image-preview:large, max-video-preview:-1\" \/>\n<meta property=\"og:locale\" content=\"es_ES\" \/>\n<meta property=\"og:type\" content=\"article\" \/>\n<meta property=\"og:title\" content=\"XRP: Todos nuestros art\u00edculos sobre la cripto de Ripple\" \/>\n<meta property=\"og:description\" content=\"Nuestras gu\u00edas y \u00faltimas noticias sobre una de las criptomonedas m\u00e1s emblem\u00e1ticas del mercado. Lo sabr\u00e1 todo sobre el XRP.\" \/>\n<meta property=\"og:site_name\" content=\"InvestX \u2013 Noticias Cripto, Gu\u00eda de Trading, An\u00e1lisis de Precios y Pron\u00f3sticos\" \/>\n<meta property=\"article:modified_time\" content=\"2026-01-05T17:23:20+00:00\" \/>\n<meta property=\"og:image\" content=\"https:\/\/investx.fr\/es\/wp-content\/uploads\/sites\/4\/2025\/12\/xrp.png\" \/>\n\t<meta property=\"og:image:width\" content=\"840\" \/>\n\t<meta property=\"og:image:height\" content=\"560\" \/>\n\t<meta property=\"og:image:type\" content=\"image\/png\" \/>\n<meta name=\"twitter:card\" content=\"summary_large_image\" \/>\n<meta name=\"twitter:label1\" content=\"Tiempo de lectura\" \/>\n\t<meta name=\"twitter:data1\" content=\"1 minuto\" \/>\n<script type=\"application\/ld+json\" class=\"yoast-schema-graph\">{\"@context\":\"https:\/\/schema.org\",\"@graph\":[{\"@type\":\"WebPage\",\"@id\":\"https:\/\/preprod.investx.fr\/es\/xrp\/\",\"url\":\"https:\/\/preprod.investx.fr\/es\/xrp\/\",\"name\":\"XRP: Todos nuestros art\u00edculos sobre la cripto de Ripple\",\"isPartOf\":{\"@id\":\"https:\/\/preprod.investx.fr\/es\/#website\"},\"primaryImageOfPage\":{\"@id\":\"https:\/\/preprod.investx.fr\/es\/xrp\/#primaryimage\"},\"image\":{\"@id\":\"https:\/\/preprod.investx.fr\/es\/xrp\/#primaryimage\"},\"thumbnailUrl\":\"https:\/\/media.investx.fr\/wp-content\/uploads\/sites\/4\/2025\/12\/xrp.png\",\"datePublished\":\"2025-12-12T09:53:44+00:00\",\"dateModified\":\"2026-01-05T17:23:20+00:00\",\"description\":\"Nuestras gu\u00edas y \u00faltimas noticias sobre una de las criptomonedas m\u00e1s emblem\u00e1ticas del mercado. Lo sabr\u00e1 todo sobre el XRP.\",\"breadcrumb\":{\"@id\":\"https:\/\/preprod.investx.fr\/es\/xrp\/#breadcrumb\"},\"inLanguage\":\"es\",\"potentialAction\":[{\"@type\":\"ReadAction\",\"target\":[\"https:\/\/preprod.investx.fr\/es\/xrp\/\"]}]},{\"@type\":\"ImageObject\",\"inLanguage\":\"es\",\"@id\":\"https:\/\/preprod.investx.fr\/es\/xrp\/#primaryimage\",\"url\":\"https:\/\/media.investx.fr\/wp-content\/uploads\/sites\/4\/2025\/12\/xrp.png\",\"contentUrl\":\"https:\/\/media.investx.fr\/wp-content\/uploads\/sites\/4\/2025\/12\/xrp.png\",\"width\":840,\"height\":560,\"caption\":\"Logotipo de la criptomoneda Ripple XRP en blanco sobre fondo azul oscuro\"},{\"@type\":\"BreadcrumbList\",\"@id\":\"https:\/\/preprod.investx.fr\/es\/xrp\/#breadcrumb\",\"itemListElement\":[{\"@type\":\"ListItem\",\"position\":1,\"name\":\"Home\",\"item\":\"https:\/\/investx.fr\/es\/\"},{\"@type\":\"ListItem\",\"position\":2,\"name\":\"XRP\"}]},{\"@type\":\"WebSite\",\"@id\":\"https:\/\/preprod.investx.fr\/es\/#website\",\"url\":\"https:\/\/preprod.investx.fr\/es\/\",\"name\":\"InvestX \u2013 Noticias Cripto, Gu\u00eda de Trading, An\u00e1lisis de Precios y Pron\u00f3sticos\",\"description\":\"Noticias cripto diarias y recursos ilimitados sobre criptomonedas, trading, blockchain, DeFi y m\u00e1s.\",\"publisher\":{\"@id\":\"https:\/\/preprod.investx.fr\/es\/#organization\"},\"potentialAction\":[{\"@type\":\"SearchAction\",\"target\":{\"@type\":\"EntryPoint\",\"urlTemplate\":\"https:\/\/preprod.investx.fr\/es\/?s={search_term_string}\"},\"query-input\":{\"@type\":\"PropertyValueSpecification\",\"valueRequired\":true,\"valueName\":\"search_term_string\"}}],\"inLanguage\":\"es\"},{\"@type\":\"Organization\",\"@id\":\"https:\/\/preprod.investx.fr\/es\/#organization\",\"name\":\"InvestX \u2013 Noticias Cripto, Gu\u00eda de Trading, An\u00e1lisis de Precios y Pron\u00f3sticos\",\"url\":\"https:\/\/preprod.investx.fr\/es\/\",\"logo\":{\"@type\":\"ImageObject\",\"inLanguage\":\"es\",\"@id\":\"https:\/\/preprod.investx.fr\/es\/#\/schema\/logo\/image\/\",\"url\":\"https:\/\/preprod.investx.fr\/es\/wp-content\/uploads\/sites\/4\/2025\/02\/investx_logo_tr.png\",\"contentUrl\":\"https:\/\/preprod.investx.fr\/es\/wp-content\/uploads\/sites\/4\/2025\/02\/investx_logo_tr.png\",\"width\":1366,\"height\":768,\"caption\":\"InvestX \u2013 Noticias Cripto, Gu\u00eda de Trading, An\u00e1lisis de Precios y Pron\u00f3sticos\"},\"image\":{\"@id\":\"https:\/\/preprod.investx.fr\/es\/#\/schema\/logo\/image\/\"}}]}<\/script>\n<!-- \/ Yoast SEO plugin. -->","yoast_head_json":{"title":"XRP: Todos nuestros art\u00edculos sobre la cripto de Ripple","description":"Nuestras gu\u00edas y \u00faltimas noticias sobre una de las criptomonedas m\u00e1s emblem\u00e1ticas del mercado. Lo sabr\u00e1 todo sobre el XRP.","robots":{"index":"noindex","follow":"follow","max-snippet":"max-snippet:-1","max-image-preview":"max-image-preview:large","max-video-preview":"max-video-preview:-1"},"og_locale":"es_ES","og_type":"article","og_title":"XRP: Todos nuestros art\u00edculos sobre la cripto de Ripple","og_description":"Nuestras gu\u00edas y \u00faltimas noticias sobre una de las criptomonedas m\u00e1s emblem\u00e1ticas del mercado. Lo sabr\u00e1 todo sobre el XRP.","og_site_name":"InvestX \u2013 Noticias Cripto, Gu\u00eda de Trading, An\u00e1lisis de Precios y Pron\u00f3sticos","article_modified_time":"2026-01-05T17:23:20+00:00","og_image":[{"width":840,"height":560,"url":"https:\/\/investx.fr\/es\/wp-content\/uploads\/sites\/4\/2025\/12\/xrp.png","type":"image\/png"}],"twitter_card":"summary_large_image","twitter_misc":{"Tiempo de lectura":"1 minuto"},"schema":{"@context":"https:\/\/schema.org","@graph":[{"@type":"WebPage","@id":"https:\/\/preprod.investx.fr\/es\/xrp\/","url":"https:\/\/preprod.investx.fr\/es\/xrp\/","name":"XRP: Todos nuestros art\u00edculos sobre la cripto de Ripple","isPartOf":{"@id":"https:\/\/preprod.investx.fr\/es\/#website"},"primaryImageOfPage":{"@id":"https:\/\/preprod.investx.fr\/es\/xrp\/#primaryimage"},"image":{"@id":"https:\/\/preprod.investx.fr\/es\/xrp\/#primaryimage"},"thumbnailUrl":"https:\/\/media.investx.fr\/wp-content\/uploads\/sites\/4\/2025\/12\/xrp.png","datePublished":"2025-12-12T09:53:44+00:00","dateModified":"2026-01-05T17:23:20+00:00","description":"Nuestras gu\u00edas y \u00faltimas noticias sobre una de las criptomonedas m\u00e1s emblem\u00e1ticas del mercado. Lo sabr\u00e1 todo sobre el XRP.","breadcrumb":{"@id":"https:\/\/preprod.investx.fr\/es\/xrp\/#breadcrumb"},"inLanguage":"es","potentialAction":[{"@type":"ReadAction","target":["https:\/\/preprod.investx.fr\/es\/xrp\/"]}]},{"@type":"ImageObject","inLanguage":"es","@id":"https:\/\/preprod.investx.fr\/es\/xrp\/#primaryimage","url":"https:\/\/media.investx.fr\/wp-content\/uploads\/sites\/4\/2025\/12\/xrp.png","contentUrl":"https:\/\/media.investx.fr\/wp-content\/uploads\/sites\/4\/2025\/12\/xrp.png","width":840,"height":560,"caption":"Logotipo de la criptomoneda Ripple XRP en blanco sobre fondo azul oscuro"},{"@type":"BreadcrumbList","@id":"https:\/\/preprod.investx.fr\/es\/xrp\/#breadcrumb","itemListElement":[{"@type":"ListItem","position":1,"name":"Home","item":"https:\/\/investx.fr\/es\/"},{"@type":"ListItem","position":2,"name":"XRP"}]},{"@type":"WebSite","@id":"https:\/\/preprod.investx.fr\/es\/#website","url":"https:\/\/preprod.investx.fr\/es\/","name":"InvestX \u2013 Noticias Cripto, Gu\u00eda de Trading, An\u00e1lisis de Precios y Pron\u00f3sticos","description":"Noticias cripto diarias y recursos ilimitados sobre criptomonedas, trading, blockchain, DeFi y m\u00e1s.","publisher":{"@id":"https:\/\/preprod.investx.fr\/es\/#organization"},"potentialAction":[{"@type":"SearchAction","target":{"@type":"EntryPoint","urlTemplate":"https:\/\/preprod.investx.fr\/es\/?s={search_term_string}"},"query-input":{"@type":"PropertyValueSpecification","valueRequired":true,"valueName":"search_term_string"}}],"inLanguage":"es"},{"@type":"Organization","@id":"https:\/\/preprod.investx.fr\/es\/#organization","name":"InvestX \u2013 Noticias Cripto, Gu\u00eda de Trading, An\u00e1lisis de Precios y Pron\u00f3sticos","url":"https:\/\/preprod.investx.fr\/es\/","logo":{"@type":"ImageObject","inLanguage":"es","@id":"https:\/\/preprod.investx.fr\/es\/#\/schema\/logo\/image\/","url":"https:\/\/preprod.investx.fr\/es\/wp-content\/uploads\/sites\/4\/2025\/02\/investx_logo_tr.png","contentUrl":"https:\/\/preprod.investx.fr\/es\/wp-content\/uploads\/sites\/4\/2025\/02\/investx_logo_tr.png","width":1366,"height":768,"caption":"InvestX \u2013 Noticias Cripto, Gu\u00eda de Trading, An\u00e1lisis de Precios y Pron\u00f3sticos"},"image":{"@id":"https:\/\/preprod.investx.fr\/es\/#\/schema\/logo\/image\/"}}]}},"_links":{"self":[{"href":"https:\/\/preprod.investx.fr\/es\/wp-json\/wp\/v2\/pages\/24033","targetHints":{"allow":["GET"]}}],"collection":[{"href":"https:\/\/preprod.investx.fr\/es\/wp-json\/wp\/v2\/pages"}],"about":[{"href":"https:\/\/preprod.investx.fr\/es\/wp-json\/wp\/v2\/types\/page"}],"author":[{"embeddable":true,"href":"https:\/\/preprod.investx.fr\/es\/wp-json\/wp\/v2\/users\/8"}],"replies":[{"embeddable":true,"href":"https:\/\/preprod.investx.fr\/es\/wp-json\/wp\/v2\/comments?post=24033"}],"version-history":[{"count":6,"href":"https:\/\/preprod.investx.fr\/es\/wp-json\/wp\/v2\/pages\/24033\/revisions"}],"predecessor-version":[{"id":25028,"href":"https:\/\/preprod.investx.fr\/es\/wp-json\/wp\/v2\/pages\/24033\/revisions\/25028"}],"wp:featuredmedia":[{"embeddable":true,"href":"https:\/\/preprod.investx.fr\/es\/wp-json\/wp\/v2\/media\/24046"}],"wp:attachment":[{"href":"https:\/\/preprod.investx.fr\/es\/wp-json\/wp\/v2\/media?parent=24033"}],"curies":[{"name":"wp","href":"https:\/\/api.w.org\/{rel}","templated":true}]}}