{"id":74,"date":"2025-02-20T17:51:34","date_gmt":"2025-02-20T17:51:34","guid":{"rendered":"https:\/\/investx.fr\/es\/?page_id=74"},"modified":"2025-02-21T13:07:49","modified_gmt":"2025-02-21T13:07:49","slug":"aviso-legal","status":"publish","type":"page","link":"https:\/\/preprod.investx.fr\/es\/aviso-legal\/","title":{"rendered":"Aviso legal"},"content":{"rendered":"\n<h2 class=\"wp-block-heading\" style=\"font-size:14px\" class=\"wp-block-heading\" style=\"font-size:14px\" id=\"alojamiento\"><strong>Alojamiento<\/strong><\/h2>\n\n\n\n<p style=\"font-size:14px\">El sitio web <a href=\"https:\/\/preprod.investx.fr\/es\">https:\/\/preprod.investx.fr\/es<\/a> est\u00e1 alojado por la empresa Amazon Web Services:<br>Amazon Web Services LLC P.O.<br>Box 81226 Seattle, WA 98108-1226<\/p>\n\n\n\n<h2 class=\"wp-block-heading\" style=\"font-size:14px\" class=\"wp-block-heading\" style=\"font-size:14px\" id=\"propiedad\"><strong>Propiedad<\/strong><\/h2>\n\n\n\n<p style=\"font-size:14px\">El contenido del sitio web, incluyendo, de manera no exhaustiva, im\u00e1genes, gr\u00e1ficos, textos, v\u00eddeos, logotipos e iconos, es propiedad exclusiva de InvestX, salvo en el caso de marcas, logotipos o contenidos pertenecientes a otras empresas asociadas o autores.<br><br>Queda estrictamente prohibida la reproducci\u00f3n, representaci\u00f3n, transferencia, distribuci\u00f3n o almacenamiento, total o parcial, de estos elementos sin la autorizaci\u00f3n expresa de los responsables de InvestX.<\/p>\n\n\n\n<h2 class=\"wp-block-heading\" style=\"font-size:14px\" class=\"wp-block-heading\" style=\"font-size:14px\" id=\"informacion-legal\"><strong>Informaci\u00f3n legal<\/strong><\/h2>\n\n\n\n<p style=\"font-size:14px\">El sitio web, <a href=\"https:\/\/preprod.investx.fr\/es\">https:\/\/preprod.investx.fr\/es<\/a>, filial en espa\u00f1ol del sitio investx, es editado por la empresa MLP Services Ltd con sede en: Watergardens, GX11 1AA, Gibraltar. Para cualquier consulta o informaci\u00f3n, puede ponerse en contacto con nosotros por correo electr\u00f3nico en la siguiente direcci\u00f3n: contact@investx.fr.<\/p>\n\n\n\n<h2 class=\"wp-block-heading\" style=\"font-size:14px\" class=\"wp-block-heading\" style=\"font-size:14px\" id=\"datos-personales\"><strong>Datos personales<\/strong><\/h2>\n\n\n\n<p style=\"font-size:14px\">Para mejorar y personalizar la navegaci\u00f3n, se pueden almacenar cookies en su dispositivo. Puede elegir rechazar estas cookies configurando su navegador. Una cookie es un peque\u00f1o archivo de texto enviado a su navegador por el sitio web visitado. Gracias a esta cookie, se almacenan en el sitio web ciertas informaciones sobre su visita, como el idioma o ciertas preferencias. Esto puede facilitar sus visitas y mejorar la experiencia de usuario.<br><br>Las cookies desempe\u00f1an un papel importante. Sin ellas, la navegaci\u00f3n por Internet podr\u00eda ser mucho m\u00e1s frustrante.<br><br>Usamos cookies con los siguientes fines:<br>&#8211; Compartir datos con Google Analytics para analizar el comportamiento de los visitantes.<\/p>\n\n\n\n<h2 class=\"wp-block-heading\" style=\"font-size:14px\" class=\"wp-block-heading\" style=\"font-size:14px\" id=\"exclusion-de-responsabilidad\"><strong>Exclusi\u00f3n de responsabilidad<\/strong><\/h2>\n\n\n\n<p style=\"font-size:14px\"><strong>Advertencia sobre riesgos:<\/strong> Invertir en criptomonedas, acciones y otros valores, materias primas, divisas y otros productos de inversi\u00f3n derivados (por ejemplo, los contratos por diferencia o \u00abCFD\u00bb) es especulativo y conlleva un alto riesgo. Cada inversi\u00f3n es \u00fanica y conlleva riesgos espec\u00edficos.<br><br>Los CFD y otros derivados son instrumentos financieros complejos y su negociaci\u00f3n conlleva un alto riesgo de p\u00e9rdida de dinero debido al apalancamiento. Antes de operar, debe asegurarse de que comprende completamente c\u00f3mo funcionan y si puede permitirse asumir el riesgo de perder su dinero.<br><br>Las criptomonedas pueden experimentar fluctuaciones significativas, por lo que no son adecuadas para todos los inversores. Su negociaci\u00f3n no est\u00e1 regulada bajo un marco normativo de la UE. El rendimiento pasado no garantiza resultados futuros. Salvo indicaci\u00f3n en contrario, cualquier historial de operaciones mostrado es inferior a 5 a\u00f1os y puede no ser suficiente como base para decisiones de inversi\u00f3n. <strong>Su capital est\u00e1 en riesgo.<\/strong><br><br>Al operar con acciones, su capital tambi\u00e9n est\u00e1 en riesgo.<br><br>El rendimiento pasado no garantiza resultados futuros. Los precios pueden aumentar o disminuir significativamente, puede estar expuesto a fluctuaciones en los tipos de cambio y puede perder todo el dinero invertido e incluso m\u00e1s. Invertir no es adecuado para todos. Aseg\u00farese de comprender los riesgos y los requisitos legales. Si no est\u00e1 seguro, solicite asesoramiento financiero, legal, fiscal y\/o contable. Este sitio web y la aplicaci\u00f3n no proporcionan asesoramiento de inversi\u00f3n, financiero, legal, fiscal o contable. Algunos enlaces son enlaces de afiliaci\u00f3n.<br><br>Tenga en cuenta que el uso de este sitio web y\/o sus funcionalidades, la negociaci\u00f3n en una inversi\u00f3n espec\u00edfica y\/o la relaci\u00f3n con un broker o plataforma en particular puede no ser conforme con las leyes, regulaciones u otros requisitos legales de su pa\u00eds de residencia. Este sitio no est\u00e1 destinado a ser utilizado en pa\u00edses donde la negociaci\u00f3n o las inversiones descritas est\u00e9n prohibidas y solo debe ser utilizado por personas para quienes sea legalmente permitido. No garantizamos ni podemos garantizar que el uso de este sitio web y\/o cualquiera de sus funcionalidades generar\u00e1 beneficios. Todas las opiniones, noticias, comentarios, investigaciones, an\u00e1lisis, precios u otras informaciones contenidas en este sitio (incluyendo llamadas telef\u00f3nicas, correos electr\u00f3nicos, chat, SMS u otras formas de comunicaci\u00f3n) se proporcionan \u00abtal cual\u00bb como comentarios generales y\/o expresi\u00f3n de opini\u00f3n \u00fanicamente. La informaci\u00f3n puede no ser completa, exacta o actualizada y puede no ser adecuada para todas las personas ni servir como base para decisiones de inversi\u00f3n.<\/p>\n\n\n\n<p style=\"font-size:14px\">En resumen, InvestX excluye toda responsabilidad por cualquier da\u00f1o causado directa y\/o indirectamente, de cualquier forma, debido al uso del sitio. En particular, InvestX no ser\u00e1 responsable bajo ninguna circunstancia de los da\u00f1os causados por:<\/p>\n\n\n\n<ul style=\"font-size:14px\" class=\"wp-block-list\">\n<li>Acciones o hechos de terceros;<\/li>\n\n\n\n<li>La imposibilidad de usar el sitio;<\/li>\n\n\n\n<li>El uso inadecuado del sitio y\/o de los sistemas inform\u00e1ticos de <a href=\"https:\/\/preprod.investx.fr\/es\">https:\/\/preprod.investx.fr\/es<\/a> por parte de un tercero.<\/li>\n<\/ul>\n\n\n\n<p style=\"font-size:14px\">La informaci\u00f3n publicada en el sitio puede no ser siempre precisa. Es responsabilidad del lector verificar la exactitud de la informaci\u00f3n consultando diversas fuentes.<\/p>\n\n\n\n<div style=\"height:100px\" aria-hidden=\"true\" class=\"wp-block-spacer\"><\/div>\n","protected":false},"excerpt":{"rendered":"<p>Alojamiento El sitio web https:\/\/preprod.investx.fr\/es est\u00e1 alojado por la empresa Amazon Web Services:Amazon Web Services LLC P.O.Box 81226 Seattle, WA 98108-1226 Propiedad El contenido del sitio web, incluyendo, de manera no exhaustiva, im\u00e1genes, gr\u00e1ficos, textos,&#8230;<\/p>\n","protected":false},"author":4,"featured_media":0,"parent":0,"menu_order":0,"comment_status":"closed","ping_status":"closed","template":"not-full-width-page-template.php","meta":{"_acf_changed":false,"_yoast_wpseo_focuskw":"aviso legal","_yoast_wpseo_title":"","_yoast_wpseo_metadesc":"Esta p\u00e1gina contiene el aviso legal del sitio web de InvestX","footnotes":"","faq_titre":"","questions_frequentes":"","custom_permalink":""},"class_list":["post-74","page","type-page","status-publish","hentry"],"acf":[],"yoast_head":"<!-- This site is optimized with the Yoast SEO plugin v26.4 - https:\/\/yoast.com\/wordpress\/plugins\/seo\/ -->\n<title>Aviso legal<\/title>\n<meta name=\"description\" content=\"Esta p\u00e1gina contiene el aviso legal del sitio web de InvestX\" \/>\n<meta name=\"robots\" content=\"noindex, follow, max-snippet:-1, max-image-preview:large, max-video-preview:-1\" \/>\n<meta property=\"og:locale\" content=\"es_ES\" \/>\n<meta property=\"og:type\" content=\"article\" \/>\n<meta property=\"og:title\" content=\"Aviso legal\" \/>\n<meta property=\"og:description\" content=\"Esta p\u00e1gina contiene el aviso legal del sitio web de InvestX\" \/>\n<meta property=\"og:site_name\" content=\"InvestX \u2013 Noticias Cripto, Gu\u00eda de Trading, An\u00e1lisis de Precios y Pron\u00f3sticos\" \/>\n<meta property=\"article:modified_time\" content=\"2025-02-21T13:07:49+00:00\" \/>\n<meta property=\"og:image\" content=\"https:\/\/media.investx.fr\/wp-content\/uploads\/sites\/4\/2025\/02\/investx_logo_tr.png\" \/>\n\t<meta property=\"og:image:width\" content=\"1366\" \/>\n\t<meta property=\"og:image:height\" content=\"768\" \/>\n\t<meta property=\"og:image:type\" content=\"image\/png\" \/>\n<meta name=\"twitter:card\" content=\"summary_large_image\" \/>\n<meta name=\"twitter:label1\" content=\"Tiempo de lectura\" \/>\n\t<meta name=\"twitter:data1\" content=\"4 minutos\" \/>\n<script type=\"application\/ld+json\" class=\"yoast-schema-graph\">{\"@context\":\"https:\/\/schema.org\",\"@graph\":[{\"@type\":\"WebPage\",\"@id\":\"https:\/\/preprod.investx.fr\/es\/aviso-legal\/\",\"url\":\"https:\/\/preprod.investx.fr\/es\/aviso-legal\/\",\"name\":\"Aviso legal\",\"isPartOf\":{\"@id\":\"https:\/\/preprod.investx.fr\/es\/#website\"},\"datePublished\":\"2025-02-20T17:51:34+00:00\",\"dateModified\":\"2025-02-21T13:07:49+00:00\",\"description\":\"Esta p\u00e1gina contiene el aviso legal del sitio web de InvestX\",\"breadcrumb\":{\"@id\":\"https:\/\/preprod.investx.fr\/es\/aviso-legal\/#breadcrumb\"},\"inLanguage\":\"es\",\"potentialAction\":[{\"@type\":\"ReadAction\",\"target\":[\"https:\/\/preprod.investx.fr\/es\/aviso-legal\/\"]}]},{\"@type\":\"BreadcrumbList\",\"@id\":\"https:\/\/preprod.investx.fr\/es\/aviso-legal\/#breadcrumb\",\"itemListElement\":[{\"@type\":\"ListItem\",\"position\":1,\"name\":\"Home\",\"item\":\"https:\/\/investx.fr\/es\/\"},{\"@type\":\"ListItem\",\"position\":2,\"name\":\"Aviso legal\"}]},{\"@type\":\"WebSite\",\"@id\":\"https:\/\/preprod.investx.fr\/es\/#website\",\"url\":\"https:\/\/preprod.investx.fr\/es\/\",\"name\":\"InvestX \u2013 Noticias Cripto, Gu\u00eda de Trading, An\u00e1lisis de Precios y Pron\u00f3sticos\",\"description\":\"Noticias cripto diarias y recursos ilimitados sobre criptomonedas, trading, blockchain, DeFi y m\u00e1s.\",\"publisher\":{\"@id\":\"https:\/\/preprod.investx.fr\/es\/#organization\"},\"potentialAction\":[{\"@type\":\"SearchAction\",\"target\":{\"@type\":\"EntryPoint\",\"urlTemplate\":\"https:\/\/preprod.investx.fr\/es\/?s={search_term_string}\"},\"query-input\":{\"@type\":\"PropertyValueSpecification\",\"valueRequired\":true,\"valueName\":\"search_term_string\"}}],\"inLanguage\":\"es\"},{\"@type\":\"Organization\",\"@id\":\"https:\/\/preprod.investx.fr\/es\/#organization\",\"name\":\"InvestX \u2013 Noticias Cripto, Gu\u00eda de Trading, An\u00e1lisis de Precios y Pron\u00f3sticos\",\"url\":\"https:\/\/preprod.investx.fr\/es\/\",\"logo\":{\"@type\":\"ImageObject\",\"inLanguage\":\"es\",\"@id\":\"https:\/\/preprod.investx.fr\/es\/#\/schema\/logo\/image\/\",\"url\":\"https:\/\/preprod.investx.fr\/es\/wp-content\/uploads\/sites\/4\/2025\/02\/investx_logo_tr.png\",\"contentUrl\":\"https:\/\/preprod.investx.fr\/es\/wp-content\/uploads\/sites\/4\/2025\/02\/investx_logo_tr.png\",\"width\":1366,\"height\":768,\"caption\":\"InvestX \u2013 Noticias Cripto, Gu\u00eda de Trading, An\u00e1lisis de Precios y Pron\u00f3sticos\"},\"image\":{\"@id\":\"https:\/\/preprod.investx.fr\/es\/#\/schema\/logo\/image\/\"}}]}<\/script>\n<!-- \/ Yoast SEO plugin. -->","yoast_head_json":{"title":"Aviso legal","description":"Esta p\u00e1gina contiene el aviso legal del sitio web de InvestX","robots":{"index":"noindex","follow":"follow","max-snippet":"max-snippet:-1","max-image-preview":"max-image-preview:large","max-video-preview":"max-video-preview:-1"},"og_locale":"es_ES","og_type":"article","og_title":"Aviso legal","og_description":"Esta p\u00e1gina contiene el aviso legal del sitio web de InvestX","og_site_name":"InvestX \u2013 Noticias Cripto, Gu\u00eda de Trading, An\u00e1lisis de Precios y Pron\u00f3sticos","article_modified_time":"2025-02-21T13:07:49+00:00","og_image":[{"width":1366,"height":768,"url":"https:\/\/media.investx.fr\/wp-content\/uploads\/sites\/4\/2025\/02\/investx_logo_tr.png","type":"image\/png"}],"twitter_card":"summary_large_image","twitter_misc":{"Tiempo de lectura":"4 minutos"},"schema":{"@context":"https:\/\/schema.org","@graph":[{"@type":"WebPage","@id":"https:\/\/preprod.investx.fr\/es\/aviso-legal\/","url":"https:\/\/preprod.investx.fr\/es\/aviso-legal\/","name":"Aviso legal","isPartOf":{"@id":"https:\/\/preprod.investx.fr\/es\/#website"},"datePublished":"2025-02-20T17:51:34+00:00","dateModified":"2025-02-21T13:07:49+00:00","description":"Esta p\u00e1gina contiene el aviso legal del sitio web de InvestX","breadcrumb":{"@id":"https:\/\/preprod.investx.fr\/es\/aviso-legal\/#breadcrumb"},"inLanguage":"es","potentialAction":[{"@type":"ReadAction","target":["https:\/\/preprod.investx.fr\/es\/aviso-legal\/"]}]},{"@type":"BreadcrumbList","@id":"https:\/\/preprod.investx.fr\/es\/aviso-legal\/#breadcrumb","itemListElement":[{"@type":"ListItem","position":1,"name":"Home","item":"https:\/\/investx.fr\/es\/"},{"@type":"ListItem","position":2,"name":"Aviso legal"}]},{"@type":"WebSite","@id":"https:\/\/preprod.investx.fr\/es\/#website","url":"https:\/\/preprod.investx.fr\/es\/","name":"InvestX \u2013 Noticias Cripto, Gu\u00eda de Trading, An\u00e1lisis de Precios y Pron\u00f3sticos","description":"Noticias cripto diarias y recursos ilimitados sobre criptomonedas, trading, blockchain, DeFi y m\u00e1s.","publisher":{"@id":"https:\/\/preprod.investx.fr\/es\/#organization"},"potentialAction":[{"@type":"SearchAction","target":{"@type":"EntryPoint","urlTemplate":"https:\/\/preprod.investx.fr\/es\/?s={search_term_string}"},"query-input":{"@type":"PropertyValueSpecification","valueRequired":true,"valueName":"search_term_string"}}],"inLanguage":"es"},{"@type":"Organization","@id":"https:\/\/preprod.investx.fr\/es\/#organization","name":"InvestX \u2013 Noticias Cripto, Gu\u00eda de Trading, An\u00e1lisis de Precios y Pron\u00f3sticos","url":"https:\/\/preprod.investx.fr\/es\/","logo":{"@type":"ImageObject","inLanguage":"es","@id":"https:\/\/preprod.investx.fr\/es\/#\/schema\/logo\/image\/","url":"https:\/\/preprod.investx.fr\/es\/wp-content\/uploads\/sites\/4\/2025\/02\/investx_logo_tr.png","contentUrl":"https:\/\/preprod.investx.fr\/es\/wp-content\/uploads\/sites\/4\/2025\/02\/investx_logo_tr.png","width":1366,"height":768,"caption":"InvestX \u2013 Noticias Cripto, Gu\u00eda de Trading, An\u00e1lisis de Precios y Pron\u00f3sticos"},"image":{"@id":"https:\/\/preprod.investx.fr\/es\/#\/schema\/logo\/image\/"}}]}},"_links":{"self":[{"href":"https:\/\/preprod.investx.fr\/es\/wp-json\/wp\/v2\/pages\/74","targetHints":{"allow":["GET"]}}],"collection":[{"href":"https:\/\/preprod.investx.fr\/es\/wp-json\/wp\/v2\/pages"}],"about":[{"href":"https:\/\/preprod.investx.fr\/es\/wp-json\/wp\/v2\/types\/page"}],"author":[{"embeddable":true,"href":"https:\/\/preprod.investx.fr\/es\/wp-json\/wp\/v2\/users\/4"}],"replies":[{"embeddable":true,"href":"https:\/\/preprod.investx.fr\/es\/wp-json\/wp\/v2\/comments?post=74"}],"version-history":[{"count":2,"href":"https:\/\/preprod.investx.fr\/es\/wp-json\/wp\/v2\/pages\/74\/revisions"}],"predecessor-version":[{"id":184,"href":"https:\/\/preprod.investx.fr\/es\/wp-json\/wp\/v2\/pages\/74\/revisions\/184"}],"wp:attachment":[{"href":"https:\/\/preprod.investx.fr\/es\/wp-json\/wp\/v2\/media?parent=74"}],"curies":[{"name":"wp","href":"https:\/\/api.w.org\/{rel}","templated":true}]}}