{"id":79,"date":"2025-02-20T18:37:46","date_gmt":"2025-02-20T18:37:46","guid":{"rendered":"https:\/\/investx.fr\/es\/?page_id=79"},"modified":"2025-02-21T13:06:39","modified_gmt":"2025-02-21T13:06:39","slug":"politica-de-privacidad","status":"publish","type":"page","link":"https:\/\/preprod.investx.fr\/es\/politica-privacidad\/","title":{"rendered":"Pol\u00edtica de Privacidad"},"content":{"rendered":"\n<p style=\"font-size:14px\">Leer la Pol\u00edtica de Privacidad en\u00a0<a href=\"https:\/\/preprod.investx.fr\/es\/privacy-policy\/\">ingl\u00e9s<\/a>.<\/p>\n\n\n\n<h2 class=\"wp-block-heading\" id=\"politica-de-privacidad\" style=\"font-size:14px\"><strong>Pol\u00edtica de Privacidad<\/strong><\/h2>\n\n\n\n<p style=\"font-size:14px\">El sitio web InvestX es propiedad de MLP Services Ltd, que act\u00faa como responsable del tratamiento de sus datos personales.<\/p>\n\n\n\n<p style=\"font-size:14px\">Hemos adoptado esta Pol\u00edtica de Privacidad, que define c\u00f3mo tratamos la informaci\u00f3n recopilada por InvestX, as\u00ed como las razones por las cuales necesitamos recopilar ciertos datos personales sobre usted. Por lo tanto, debe leer esta Pol\u00edtica de Privacidad antes de utilizar el sitio web de InvestX.<\/p>\n\n\n\n<p style=\"font-size:14px\">Cuidamos sus datos personales y nos comprometemos a garantizar su confidencialidad y seguridad.<\/p>\n\n\n\n<h2 class=\"wp-block-heading\" id=\"informacion-personal-que-recopilamos\" style=\"font-size:14px\"><strong>La informaci\u00f3n personal que recopilamos:<\/strong><\/h2>\n\n\n\n<p style=\"font-size:14px\">Cuando visita InvestX, recopilamos autom\u00e1ticamente cierta informaci\u00f3n sobre su dispositivo, incluidos los datos sobre su navegador web, su direcci\u00f3n IP, su zona horaria y algunas de las cookies instaladas en su dispositivo. Adem\u00e1s, mientras navega por el sitio, recopilamos informaci\u00f3n sobre las p\u00e1ginas web o productos espec\u00edficos que visualiza, sobre los sitios web o t\u00e9rminos de b\u00fasqueda que le remitieron al sitio, as\u00ed como la forma en que interact\u00faa con el mismo. Nos referimos a esta informaci\u00f3n recopilada de forma autom\u00e1tica como \u201cinformaci\u00f3n del dispositivo\u201d. Asimismo, podr\u00edamos recopilar los datos personales que usted nos proporcione (incluidos, entre otros, su nombre, apellidos, direcci\u00f3n, informaci\u00f3n de pago, etc.) durante el registro para poder ejecutar el contrato.<\/p>\n\n\n\n<h2 class=\"wp-block-heading\" id=\"por-que-tratamos-sus-datos\" style=\"font-size:14px\"><strong>\u00bfPor qu\u00e9 tratamos sus datos?<\/strong><\/h2>\n\n\n\n<p style=\"font-size:14px\">Nuestra m\u00e1xima prioridad es la seguridad de los datos de nuestros clientes y, por lo tanto, solo podemos tratar la informaci\u00f3n m\u00ednima del usuario, \u00fanicamente en la medida en que sea absolutamente necesaria para mantener el sitio web. La informaci\u00f3n recopilada de forma autom\u00e1tica se utiliza \u00fanicamente para identificar posibles casos de uso indebido y elaborar estad\u00edsticas sobre el uso del sitio web. Dicha informaci\u00f3n estad\u00edstica no se compila de ninguna otra manera que permita identificar a un usuario en concreto.<\/p>\n\n\n\n<p style=\"font-size:14px\">Usted puede visitar el sitio web sin decirnos qui\u00e9n es ni revelar informaci\u00f3n que pueda identificarle personalmente. No obstante, si desea utilizar ciertas funciones del sitio web, o si desea recibir nuestro bolet\u00edn informativo o proporcionar otros detalles rellenando un formulario, es posible que nos proporcione datos personales, tales como su correo electr\u00f3nico, nombre, apellidos, ciudad de residencia, organizaci\u00f3n o n\u00famero de tel\u00e9fono. Usted puede optar por no proporcionarnos sus datos personales; sin embargo, en ese caso, es posible que no pueda beneficiarse de algunas de las funciones del sitio web. Por ejemplo, no podr\u00e1 recibir nuestro bolet\u00edn ni contactarnos directamente a trav\u00e9s del sitio web. Si no sabe qu\u00e9 informaci\u00f3n es obligatoria, le invitamos a contactarnos en <a href=\"mailto:contact@investx.fr\" target=\"_blank\" rel=\"noreferrer noopener\">contact@investx.fr<\/a>.<\/p>\n\n\n\n<h2 class=\"wp-block-heading\" id=\"sus-derechos\" style=\"font-size:14px\"><strong>Sus derechos:<\/strong><\/h2>\n\n\n\n<p style=\"font-size:14px\">Si usted es residente en la Uni\u00f3n Europea, dispone de los siguientes derechos en relaci\u00f3n con sus datos personales:<\/p>\n\n\n\n<ul class=\"wp-block-list\">\n<li style=\"font-size:14px\">El derecho a ser informado.<\/li>\n\n\n\n<li style=\"font-size:14px\">El derecho de acceso.<\/li>\n\n\n\n<li style=\"font-size:14px\">El derecho de rectificaci\u00f3n.<\/li>\n\n\n\n<li style=\"font-size:14px\">El derecho al borrado.<\/li>\n\n\n\n<li style=\"font-size:14px\">El derecho a restringir el tratamiento.<\/li>\n\n\n\n<li style=\"font-size:14px\">El derecho a la portabilidad de los datos.<\/li>\n\n\n\n<li style=\"font-size:14px\">El derecho de oposici\u00f3n.<\/li>\n\n\n\n<li style=\"font-size:14px\">Los derechos relativos a la toma de decisiones automatizadas y la elaboraci\u00f3n de perfiles.<\/li>\n<\/ul>\n\n\n\n<p style=\"font-size:14px\">Si desea ejercer estos derechos, cont\u00e1ctenos mediante los datos de contacto que se indican m\u00e1s abajo.<\/p>\n\n\n\n<p style=\"font-size:14px\">Adem\u00e1s, si usted es residente europeo, procesamos su informaci\u00f3n para cumplir los contratos que podamos tener con usted (por ejemplo, si realiza un pedido a trav\u00e9s del sitio), o para perseguir nuestros intereses comerciales leg\u00edtimos antes mencionados. Tenga en cuenta que su informaci\u00f3n podr\u00eda ser transferida fuera de Europa, incluidos Canad\u00e1 y Estados Unidos.<\/p>\n\n\n\n<h2 class=\"wp-block-heading\" id=\"enlaces-a-otros-sitios-web\" style=\"font-size:14px\"><strong>Enlaces a otros sitios web:<\/strong><\/h2>\n\n\n\n<p style=\"font-size:14px\">Nuestro sitio web puede contener enlaces a otros sitios que no son de nuestra propiedad ni est\u00e1n bajo nuestro control. Tenga en cuenta que no somos responsables de dichos sitios web ni de las pr\u00e1cticas de privacidad de terceros. Le recomendamos que sea consciente cuando abandone nuestro sitio web y que lea las declaraciones de privacidad de cada sitio que pudiera recopilar informaci\u00f3n personal.<\/p>\n\n\n\n<h2 class=\"wp-block-heading\" id=\"seguridad-de-la-informacion\" style=\"font-size:14px\"><strong>Seguridad de la informaci\u00f3n:<\/strong><\/h2>\n\n\n\n<p style=\"font-size:14px\">Protegemos la informaci\u00f3n que usted proporciona en servidores inform\u00e1ticos en un entorno controlado y seguro, resguardado contra el acceso, uso o divulgaci\u00f3n no autorizados. Mantenemos medidas administrativas, t\u00e9cnicas y f\u00edsicas razonables para proteger contra el acceso, uso, modificaci\u00f3n o divulgaci\u00f3n no autorizados de los datos personales bajo nuestro control y custodia. No obstante, no se puede garantizar la transmisi\u00f3n de datos a trav\u00e9s de Internet o de una red inal\u00e1mbrica.<\/p>\n\n\n\n<h2 class=\"wp-block-heading\" id=\"divulgacion-legal\" style=\"font-size:14px\"><strong>Divulgaci\u00f3n legal:<\/strong><\/h2>\n\n\n\n<p style=\"font-size:14px\">Divulgaremos cualquier informaci\u00f3n que recopilemos, utilicemos o recibamos si as\u00ed lo exige o permite la ley, por ejemplo, para cumplir con una citaci\u00f3n o un proceso legal similar, y cuando creamos de buena fe que la divulgaci\u00f3n es necesaria para proteger nuestros derechos, su seguridad o la de terceros, investigar un posible fraude o dar respuesta a una solicitud gubernamental.<\/p>\n\n\n\n<h2 class=\"wp-block-heading\" id=\"informacion-de-contacto\" style=\"font-size:14px\"><strong>Informaci\u00f3n de contacto:<\/strong><\/h2>\n\n\n\n<p style=\"font-size:14px\">Si desea ponerse en contacto con nosotros para comprender mejor esta pol\u00edtica, o si desea hacernos llegar cualquier consulta relativa a sus derechos individuales y su informaci\u00f3n personal, puede enviar un correo electr\u00f3nico a <a href=\"mailto:contact@investx.fr\" target=\"_blank\" rel=\"noreferrer noopener\">contact@investx.fr<\/a>.<\/p>\n","protected":false},"excerpt":{"rendered":"<p>Leer la Pol\u00edtica de Privacidad en\u00a0ingl\u00e9s. Pol\u00edtica de Privacidad El sitio web InvestX es propiedad de MLP Services Ltd, que act\u00faa como responsable del tratamiento de sus datos personales. Hemos adoptado esta Pol\u00edtica de Privacidad,&#8230;<\/p>\n","protected":false},"author":4,"featured_media":0,"parent":0,"menu_order":0,"comment_status":"closed","ping_status":"closed","template":"not-full-width-page-template.php","meta":{"_acf_changed":false,"_yoast_wpseo_focuskw":"politica de privacidad","_yoast_wpseo_title":"","_yoast_wpseo_metadesc":"InvestX, un sitio web dedicado al trading y las criptomonedas, se toma en serio la privacidad de sus datos personales.","footnotes":"","faq_titre":"","questions_frequentes":"","custom_permalink":""},"class_list":["post-79","page","type-page","status-publish","hentry"],"acf":[],"yoast_head":"<!-- This site is optimized with the Yoast SEO plugin v26.4 - https:\/\/yoast.com\/wordpress\/plugins\/seo\/ -->\n<title>Pol\u00edtica de Privacidad<\/title>\n<meta name=\"description\" content=\"InvestX, un sitio web dedicado al trading y las criptomonedas, se toma en serio la privacidad de sus datos personales.\" \/>\n<meta name=\"robots\" content=\"noindex, follow, max-snippet:-1, max-image-preview:large, max-video-preview:-1\" \/>\n<meta property=\"og:locale\" content=\"es_ES\" \/>\n<meta property=\"og:type\" content=\"article\" \/>\n<meta property=\"og:title\" content=\"Pol\u00edtica de Privacidad\" \/>\n<meta property=\"og:description\" content=\"InvestX, un sitio web dedicado al trading y las criptomonedas, se toma en serio la privacidad de sus datos personales.\" \/>\n<meta property=\"og:site_name\" content=\"InvestX \u2013 Noticias Cripto, Gu\u00eda de Trading, An\u00e1lisis de Precios y Pron\u00f3sticos\" \/>\n<meta property=\"article:modified_time\" content=\"2025-02-21T13:06:39+00:00\" \/>\n<meta property=\"og:image\" content=\"https:\/\/media.investx.fr\/wp-content\/uploads\/sites\/4\/2025\/02\/investx_logo_tr.png\" \/>\n\t<meta property=\"og:image:width\" content=\"1366\" \/>\n\t<meta property=\"og:image:height\" content=\"768\" \/>\n\t<meta property=\"og:image:type\" content=\"image\/png\" \/>\n<meta name=\"twitter:card\" content=\"summary_large_image\" \/>\n<meta name=\"twitter:label1\" content=\"Tiempo de lectura\" \/>\n\t<meta name=\"twitter:data1\" content=\"4 minutos\" \/>\n<script type=\"application\/ld+json\" class=\"yoast-schema-graph\">{\"@context\":\"https:\/\/schema.org\",\"@graph\":[{\"@type\":\"WebPage\",\"@id\":\"https:\/\/preprod.investx.fr\/es\/politica-privacidad\/\",\"url\":\"https:\/\/preprod.investx.fr\/es\/politica-privacidad\/\",\"name\":\"Pol\u00edtica de Privacidad\",\"isPartOf\":{\"@id\":\"https:\/\/preprod.investx.fr\/es\/#website\"},\"datePublished\":\"2025-02-20T18:37:46+00:00\",\"dateModified\":\"2025-02-21T13:06:39+00:00\",\"description\":\"InvestX, un sitio web dedicado al trading y las criptomonedas, se toma en serio la privacidad de sus datos personales.\",\"breadcrumb\":{\"@id\":\"https:\/\/preprod.investx.fr\/es\/politica-privacidad\/#breadcrumb\"},\"inLanguage\":\"es\",\"potentialAction\":[{\"@type\":\"ReadAction\",\"target\":[\"https:\/\/preprod.investx.fr\/es\/politica-privacidad\/\"]}]},{\"@type\":\"BreadcrumbList\",\"@id\":\"https:\/\/preprod.investx.fr\/es\/politica-privacidad\/#breadcrumb\",\"itemListElement\":[{\"@type\":\"ListItem\",\"position\":1,\"name\":\"Home\",\"item\":\"https:\/\/investx.fr\/es\/\"},{\"@type\":\"ListItem\",\"position\":2,\"name\":\"Pol\u00edtica de Privacidad\"}]},{\"@type\":\"WebSite\",\"@id\":\"https:\/\/preprod.investx.fr\/es\/#website\",\"url\":\"https:\/\/preprod.investx.fr\/es\/\",\"name\":\"InvestX \u2013 Noticias Cripto, Gu\u00eda de Trading, An\u00e1lisis de Precios y Pron\u00f3sticos\",\"description\":\"Noticias cripto diarias y recursos ilimitados sobre criptomonedas, trading, blockchain, DeFi y m\u00e1s.\",\"publisher\":{\"@id\":\"https:\/\/preprod.investx.fr\/es\/#organization\"},\"potentialAction\":[{\"@type\":\"SearchAction\",\"target\":{\"@type\":\"EntryPoint\",\"urlTemplate\":\"https:\/\/preprod.investx.fr\/es\/?s={search_term_string}\"},\"query-input\":{\"@type\":\"PropertyValueSpecification\",\"valueRequired\":true,\"valueName\":\"search_term_string\"}}],\"inLanguage\":\"es\"},{\"@type\":\"Organization\",\"@id\":\"https:\/\/preprod.investx.fr\/es\/#organization\",\"name\":\"InvestX \u2013 Noticias Cripto, Gu\u00eda de Trading, An\u00e1lisis de Precios y Pron\u00f3sticos\",\"url\":\"https:\/\/preprod.investx.fr\/es\/\",\"logo\":{\"@type\":\"ImageObject\",\"inLanguage\":\"es\",\"@id\":\"https:\/\/preprod.investx.fr\/es\/#\/schema\/logo\/image\/\",\"url\":\"https:\/\/preprod.investx.fr\/es\/wp-content\/uploads\/sites\/4\/2025\/02\/investx_logo_tr.png\",\"contentUrl\":\"https:\/\/preprod.investx.fr\/es\/wp-content\/uploads\/sites\/4\/2025\/02\/investx_logo_tr.png\",\"width\":1366,\"height\":768,\"caption\":\"InvestX \u2013 Noticias Cripto, Gu\u00eda de Trading, An\u00e1lisis de Precios y Pron\u00f3sticos\"},\"image\":{\"@id\":\"https:\/\/preprod.investx.fr\/es\/#\/schema\/logo\/image\/\"}}]}<\/script>\n<!-- \/ Yoast SEO plugin. -->","yoast_head_json":{"title":"Pol\u00edtica de Privacidad","description":"InvestX, un sitio web dedicado al trading y las criptomonedas, se toma en serio la privacidad de sus datos personales.","robots":{"index":"noindex","follow":"follow","max-snippet":"max-snippet:-1","max-image-preview":"max-image-preview:large","max-video-preview":"max-video-preview:-1"},"og_locale":"es_ES","og_type":"article","og_title":"Pol\u00edtica de Privacidad","og_description":"InvestX, un sitio web dedicado al trading y las criptomonedas, se toma en serio la privacidad de sus datos personales.","og_site_name":"InvestX \u2013 Noticias Cripto, Gu\u00eda de Trading, An\u00e1lisis de Precios y Pron\u00f3sticos","article_modified_time":"2025-02-21T13:06:39+00:00","og_image":[{"width":1366,"height":768,"url":"https:\/\/media.investx.fr\/wp-content\/uploads\/sites\/4\/2025\/02\/investx_logo_tr.png","type":"image\/png"}],"twitter_card":"summary_large_image","twitter_misc":{"Tiempo de lectura":"4 minutos"},"schema":{"@context":"https:\/\/schema.org","@graph":[{"@type":"WebPage","@id":"https:\/\/preprod.investx.fr\/es\/politica-privacidad\/","url":"https:\/\/preprod.investx.fr\/es\/politica-privacidad\/","name":"Pol\u00edtica de Privacidad","isPartOf":{"@id":"https:\/\/preprod.investx.fr\/es\/#website"},"datePublished":"2025-02-20T18:37:46+00:00","dateModified":"2025-02-21T13:06:39+00:00","description":"InvestX, un sitio web dedicado al trading y las criptomonedas, se toma en serio la privacidad de sus datos personales.","breadcrumb":{"@id":"https:\/\/preprod.investx.fr\/es\/politica-privacidad\/#breadcrumb"},"inLanguage":"es","potentialAction":[{"@type":"ReadAction","target":["https:\/\/preprod.investx.fr\/es\/politica-privacidad\/"]}]},{"@type":"BreadcrumbList","@id":"https:\/\/preprod.investx.fr\/es\/politica-privacidad\/#breadcrumb","itemListElement":[{"@type":"ListItem","position":1,"name":"Home","item":"https:\/\/investx.fr\/es\/"},{"@type":"ListItem","position":2,"name":"Pol\u00edtica de Privacidad"}]},{"@type":"WebSite","@id":"https:\/\/preprod.investx.fr\/es\/#website","url":"https:\/\/preprod.investx.fr\/es\/","name":"InvestX \u2013 Noticias Cripto, Gu\u00eda de Trading, An\u00e1lisis de Precios y Pron\u00f3sticos","description":"Noticias cripto diarias y recursos ilimitados sobre criptomonedas, trading, blockchain, DeFi y m\u00e1s.","publisher":{"@id":"https:\/\/preprod.investx.fr\/es\/#organization"},"potentialAction":[{"@type":"SearchAction","target":{"@type":"EntryPoint","urlTemplate":"https:\/\/preprod.investx.fr\/es\/?s={search_term_string}"},"query-input":{"@type":"PropertyValueSpecification","valueRequired":true,"valueName":"search_term_string"}}],"inLanguage":"es"},{"@type":"Organization","@id":"https:\/\/preprod.investx.fr\/es\/#organization","name":"InvestX \u2013 Noticias Cripto, Gu\u00eda de Trading, An\u00e1lisis de Precios y Pron\u00f3sticos","url":"https:\/\/preprod.investx.fr\/es\/","logo":{"@type":"ImageObject","inLanguage":"es","@id":"https:\/\/preprod.investx.fr\/es\/#\/schema\/logo\/image\/","url":"https:\/\/preprod.investx.fr\/es\/wp-content\/uploads\/sites\/4\/2025\/02\/investx_logo_tr.png","contentUrl":"https:\/\/preprod.investx.fr\/es\/wp-content\/uploads\/sites\/4\/2025\/02\/investx_logo_tr.png","width":1366,"height":768,"caption":"InvestX \u2013 Noticias Cripto, Gu\u00eda de Trading, An\u00e1lisis de Precios y Pron\u00f3sticos"},"image":{"@id":"https:\/\/preprod.investx.fr\/es\/#\/schema\/logo\/image\/"}}]}},"_links":{"self":[{"href":"https:\/\/preprod.investx.fr\/es\/wp-json\/wp\/v2\/pages\/79","targetHints":{"allow":["GET"]}}],"collection":[{"href":"https:\/\/preprod.investx.fr\/es\/wp-json\/wp\/v2\/pages"}],"about":[{"href":"https:\/\/preprod.investx.fr\/es\/wp-json\/wp\/v2\/types\/page"}],"author":[{"embeddable":true,"href":"https:\/\/preprod.investx.fr\/es\/wp-json\/wp\/v2\/users\/4"}],"replies":[{"embeddable":true,"href":"https:\/\/preprod.investx.fr\/es\/wp-json\/wp\/v2\/comments?post=79"}],"version-history":[{"count":2,"href":"https:\/\/preprod.investx.fr\/es\/wp-json\/wp\/v2\/pages\/79\/revisions"}],"predecessor-version":[{"id":182,"href":"https:\/\/preprod.investx.fr\/es\/wp-json\/wp\/v2\/pages\/79\/revisions\/182"}],"wp:attachment":[{"href":"https:\/\/preprod.investx.fr\/es\/wp-json\/wp\/v2\/media?parent=79"}],"curies":[{"name":"wp","href":"https:\/\/api.w.org\/{rel}","templated":true}]}}