{"id":115438,"date":"2025-12-12T09:30:30","date_gmt":"2025-12-12T09:30:30","guid":{"rendered":"https:\/\/investx.fr\/pt\/?page_id=115438"},"modified":"2026-01-05T17:25:12","modified_gmt":"2026-01-05T17:25:12","slug":"xrp-15","status":"publish","type":"page","link":"https:\/\/preprod.investx.fr\/pt\/xrp\/","title":{"rendered":"XRP"},"content":{"rendered":"<section class=\"titre-texte\">\n    <div class=\"container\">\n                <h1 id=\"xrp-todos-os-nossos-artigos-sobre-a-criptomoeda-da-ripple\">XRP: Todos os nossos artigos sobre a criptomoeda da Ripple<\/h1>\n        <p>A <a href=\"https:\/\/preprod.investx.fr\/pt\/investir-criptomoedas\/comprar\/ripple-xrp\/\">XRP<\/a>, a criptomoeda desenvolvida pela <strong>Ripple<\/strong>, ocupa um lugar \u00fanico no ecossistema criptogr\u00e1fico gra\u00e7as \u00e0 sua tecnologia concebida para <strong>revolucionar os pagamentos internacionais<\/strong>. R\u00e1pida, barata e concebida para facilitar as transfer\u00eancias transfronteiri\u00e7as, a XRP atrai tanto investidores como institui\u00e7\u00f5es financeiras. Entre evolu\u00e7\u00f5es regulamentares, inova\u00e7\u00f5es tecnol\u00f3gicas e din\u00e2micas de mercado, a sua <a href=\"https:\/\/preprod.investx.fr\/pt\/noticias-cripto\/\">atualidade<\/a> \u00e9 rica e muitas vezes <strong>determinante<\/strong> para todo o setor. Para entender como funciona, acompanhar os seus avan\u00e7os e analisar as suas perspetivas, descubra <strong>todos os dias<\/strong> os nossos artigos escritos por especialistas apaixonados:<\/p>\n    <\/div>\n<\/section>\n\n<section class=\"titre-texte\">\n    <div class=\"container\">\n                <h2 id=\"\"><\/h2>\n        <p>Acompanhe em tempo real o pre\u00e7o do XRP para se manter informado sobre as suas \u00faltimas varia\u00e7\u00f5es e a evolu\u00e7\u00e3o do mercado:<\/p>\n    <\/div>\n<\/section>\n\n\n<!-- TradingView Widget BEGIN -->\n<div class=\"tradingview-widget-container\">\n  <div class=\"tradingview-widget-container__widget\"><\/div>\n  <div class=\"tradingview-widget-copyright\"><a href=\"https:\/\/www.tradingview.com\/symbols\/XRPUSD\/?exchange=COINBASE\" rel=\"noopener nofollow\" target=\"_blank\"><span class=\"blue-text\">XPR price<\/span><\/a><span class=\"trademark\"> by TradingView<\/span><\/div>\n  <script type=\"text\/javascript\" src=\"https:\/\/s3.tradingview.com\/external-embedding\/embed-widget-mini-symbol-overview.js\" async>\n  {\n  \"symbol\": \"COINBASE:XRPUSD\",\n  \"chartOnly\": false,\n  \"dateRange\": \"12M\",\n  \"noTimeScale\": false,\n  \"colorTheme\": \"light\",\n  \"isTransparent\": false,\n  \"locale\": \"en\",\n  \"width\": \"100%\",\n  \"autosize\": true,\n  \"height\": \"100%\"\n}\n  <\/script>\n<\/div>\n<!-- TradingView Widget END -->\n","protected":false},"excerpt":{"rendered":"<p>XPR price by TradingView<\/p>\n","protected":false},"author":8,"featured_media":115449,"parent":0,"menu_order":0,"comment_status":"closed","ping_status":"closed","template":"category-template copy.php","meta":{"_acf_changed":false,"_yoast_wpseo_focuskw":"xrp","_yoast_wpseo_title":"XRP: Todos os nossos artigos sobre a famosa cripto da Ripple","_yoast_wpseo_metadesc":"Os nossos guias e \u00faltimas not\u00edcias sobre uma das criptomoedas mais emblem\u00e1ticas do mercado. Vai saber tudo sobre o XRP.","footnotes":"","faq_titre":"","questions_frequentes":"{\"raw_value\":\"\"}","custom_permalink":""},"class_list":["post-115438","page","type-page","status-publish","has-post-thumbnail","hentry"],"acf":[],"yoast_head":"<!-- This site is optimized with the Yoast SEO plugin v26.4 - https:\/\/yoast.com\/wordpress\/plugins\/seo\/ -->\n<title>XRP: Todos os nossos artigos sobre a famosa cripto da Ripple<\/title>\n<meta name=\"description\" content=\"Os nossos guias e \u00faltimas not\u00edcias sobre uma das criptomoedas mais emblem\u00e1ticas do mercado. Vai saber tudo sobre o XRP.\" \/>\n<meta name=\"robots\" content=\"noindex, follow, max-snippet:-1, max-image-preview:large, max-video-preview:-1\" \/>\n<meta property=\"og:locale\" content=\"pt_PT\" \/>\n<meta property=\"og:type\" content=\"article\" \/>\n<meta property=\"og:title\" content=\"XRP: Todos os nossos artigos sobre a famosa cripto da Ripple\" \/>\n<meta property=\"og:description\" content=\"Os nossos guias e \u00faltimas not\u00edcias sobre uma das criptomoedas mais emblem\u00e1ticas do mercado. Vai saber tudo sobre o XRP.\" \/>\n<meta property=\"og:site_name\" content=\"InvestX \u2013 Not\u00edcias Cripto, Guia de Trading, An\u00e1lises de Pre\u00e7os &amp; Previs\u00f5es\" \/>\n<meta property=\"article:modified_time\" content=\"2026-01-05T17:25:12+00:00\" \/>\n<meta property=\"og:image\" content=\"https:\/\/preprod.investx.fr\/pt\/wp-content\/uploads\/sites\/2\/2025\/12\/xrp.png?wsr\" \/>\n\t<meta property=\"og:image:width\" content=\"840\" \/>\n\t<meta property=\"og:image:height\" content=\"560\" \/>\n\t<meta property=\"og:image:type\" content=\"image\/png\" \/>\n<meta name=\"twitter:card\" content=\"summary_large_image\" \/>\n<meta name=\"twitter:label1\" content=\"Tempo estimado de leitura\" \/>\n\t<meta name=\"twitter:data1\" content=\"1 minuto\" \/>\n<script type=\"application\/ld+json\" class=\"yoast-schema-graph\">{\"@context\":\"https:\/\/schema.org\",\"@graph\":[{\"@type\":\"WebPage\",\"@id\":\"https:\/\/preprod.investx.fr\/pt\/xrp\/\",\"url\":\"https:\/\/preprod.investx.fr\/pt\/xrp\/\",\"name\":\"XRP: Todos os nossos artigos sobre a famosa cripto da Ripple\",\"isPartOf\":{\"@id\":\"https:\/\/preprod.investx.fr\/pt\/#website\"},\"primaryImageOfPage\":{\"@id\":\"https:\/\/preprod.investx.fr\/pt\/xrp\/#primaryimage\"},\"image\":{\"@id\":\"https:\/\/preprod.investx.fr\/pt\/xrp\/#primaryimage\"},\"thumbnailUrl\":\"https:\/\/media.investx.fr\/wp-content\/uploads\/sites\/2\/2025\/12\/xrp.png?wsr\",\"datePublished\":\"2025-12-12T09:30:30+00:00\",\"dateModified\":\"2026-01-05T17:25:12+00:00\",\"description\":\"Os nossos guias e \u00faltimas not\u00edcias sobre uma das criptomoedas mais emblem\u00e1ticas do mercado. Vai saber tudo sobre o XRP.\",\"breadcrumb\":{\"@id\":\"https:\/\/preprod.investx.fr\/pt\/xrp\/#breadcrumb\"},\"inLanguage\":\"pt-PT\",\"potentialAction\":[{\"@type\":\"ReadAction\",\"target\":[\"https:\/\/preprod.investx.fr\/pt\/xrp\/\"]}]},{\"@type\":\"ImageObject\",\"inLanguage\":\"pt-PT\",\"@id\":\"https:\/\/preprod.investx.fr\/pt\/xrp\/#primaryimage\",\"url\":\"https:\/\/media.investx.fr\/wp-content\/uploads\/sites\/2\/2025\/12\/xrp.png?wsr\",\"contentUrl\":\"https:\/\/media.investx.fr\/wp-content\/uploads\/sites\/2\/2025\/12\/xrp.png?wsr\",\"width\":840,\"height\":560,\"caption\":\"log\u00f3tipo da criptomoeda ripple do XRP em branco sobre um fundo azul escuro\"},{\"@type\":\"BreadcrumbList\",\"@id\":\"https:\/\/preprod.investx.fr\/pt\/xrp\/#breadcrumb\",\"itemListElement\":[{\"@type\":\"ListItem\",\"position\":1,\"name\":\"Accueil\",\"item\":\"https:\/\/preprod.investx.fr\/pt\/\"},{\"@type\":\"ListItem\",\"position\":2,\"name\":\"XRP\"}]},{\"@type\":\"WebSite\",\"@id\":\"https:\/\/preprod.investx.fr\/pt\/#website\",\"url\":\"https:\/\/preprod.investx.fr\/pt\/\",\"name\":\"InvestX \u2013 Not\u00edcias Cripto, Guia de Trading, An\u00e1lises de Pre\u00e7os &amp; Previs\u00f5es\",\"description\":\"Com InvestX, descubra o mundo das criptomoedas e do trading: Guias, not\u00edcias cripto, an\u00e1lises de pre\u00e7os e previs\u00f5es de criptomoedas (Bitcoin, Ethereum, Altcoins...\",\"publisher\":{\"@id\":\"https:\/\/preprod.investx.fr\/pt\/#organization\"},\"potentialAction\":[{\"@type\":\"SearchAction\",\"target\":{\"@type\":\"EntryPoint\",\"urlTemplate\":\"https:\/\/preprod.investx.fr\/pt\/?s={search_term_string}\"},\"query-input\":{\"@type\":\"PropertyValueSpecification\",\"valueRequired\":true,\"valueName\":\"search_term_string\"}}],\"inLanguage\":\"pt-PT\"},{\"@type\":\"Organization\",\"@id\":\"https:\/\/preprod.investx.fr\/pt\/#organization\",\"name\":\"InvestX \u2013 Not\u00edcias Cripto, Guia de Trading, An\u00e1lises de Pre\u00e7os &amp; Previs\u00f5es\",\"url\":\"https:\/\/preprod.investx.fr\/pt\/\",\"logo\":{\"@type\":\"ImageObject\",\"inLanguage\":\"pt-PT\",\"@id\":\"https:\/\/preprod.investx.fr\/pt\/#\/schema\/logo\/image\/\",\"url\":\"https:\/\/media.investx.fr\/wp-content\/uploads\/sites\/2\/2022\/09\/cropped-logo-clair-1.png?wsr\",\"contentUrl\":\"https:\/\/media.investx.fr\/wp-content\/uploads\/sites\/2\/2022\/09\/cropped-logo-clair-1.png?wsr\",\"width\":200,\"height\":73,\"caption\":\"InvestX \u2013 Not\u00edcias Cripto, Guia de Trading, An\u00e1lises de Pre\u00e7os &amp; Previs\u00f5es\"},\"image\":{\"@id\":\"https:\/\/preprod.investx.fr\/pt\/#\/schema\/logo\/image\/\"}}]}<\/script>\n<!-- \/ Yoast SEO plugin. -->","yoast_head_json":{"title":"XRP: Todos os nossos artigos sobre a famosa cripto da Ripple","description":"Os nossos guias e \u00faltimas not\u00edcias sobre uma das criptomoedas mais emblem\u00e1ticas do mercado. Vai saber tudo sobre o XRP.","robots":{"index":"noindex","follow":"follow","max-snippet":"max-snippet:-1","max-image-preview":"max-image-preview:large","max-video-preview":"max-video-preview:-1"},"og_locale":"pt_PT","og_type":"article","og_title":"XRP: Todos os nossos artigos sobre a famosa cripto da Ripple","og_description":"Os nossos guias e \u00faltimas not\u00edcias sobre uma das criptomoedas mais emblem\u00e1ticas do mercado. Vai saber tudo sobre o XRP.","og_site_name":"InvestX \u2013 Not\u00edcias Cripto, Guia de Trading, An\u00e1lises de Pre\u00e7os &amp; Previs\u00f5es","article_modified_time":"2026-01-05T17:25:12+00:00","og_image":[{"width":840,"height":560,"url":"https:\/\/preprod.investx.fr\/pt\/wp-content\/uploads\/sites\/2\/2025\/12\/xrp.png?wsr","type":"image\/png"}],"twitter_card":"summary_large_image","twitter_misc":{"Tempo estimado de leitura":"1 minuto"},"schema":{"@context":"https:\/\/schema.org","@graph":[{"@type":"WebPage","@id":"https:\/\/preprod.investx.fr\/pt\/xrp\/","url":"https:\/\/preprod.investx.fr\/pt\/xrp\/","name":"XRP: Todos os nossos artigos sobre a famosa cripto da Ripple","isPartOf":{"@id":"https:\/\/preprod.investx.fr\/pt\/#website"},"primaryImageOfPage":{"@id":"https:\/\/preprod.investx.fr\/pt\/xrp\/#primaryimage"},"image":{"@id":"https:\/\/preprod.investx.fr\/pt\/xrp\/#primaryimage"},"thumbnailUrl":"https:\/\/media.investx.fr\/wp-content\/uploads\/sites\/2\/2025\/12\/xrp.png?wsr","datePublished":"2025-12-12T09:30:30+00:00","dateModified":"2026-01-05T17:25:12+00:00","description":"Os nossos guias e \u00faltimas not\u00edcias sobre uma das criptomoedas mais emblem\u00e1ticas do mercado. Vai saber tudo sobre o XRP.","breadcrumb":{"@id":"https:\/\/preprod.investx.fr\/pt\/xrp\/#breadcrumb"},"inLanguage":"pt-PT","potentialAction":[{"@type":"ReadAction","target":["https:\/\/preprod.investx.fr\/pt\/xrp\/"]}]},{"@type":"ImageObject","inLanguage":"pt-PT","@id":"https:\/\/preprod.investx.fr\/pt\/xrp\/#primaryimage","url":"https:\/\/media.investx.fr\/wp-content\/uploads\/sites\/2\/2025\/12\/xrp.png?wsr","contentUrl":"https:\/\/media.investx.fr\/wp-content\/uploads\/sites\/2\/2025\/12\/xrp.png?wsr","width":840,"height":560,"caption":"log\u00f3tipo da criptomoeda ripple do XRP em branco sobre um fundo azul escuro"},{"@type":"BreadcrumbList","@id":"https:\/\/preprod.investx.fr\/pt\/xrp\/#breadcrumb","itemListElement":[{"@type":"ListItem","position":1,"name":"Accueil","item":"https:\/\/preprod.investx.fr\/pt\/"},{"@type":"ListItem","position":2,"name":"XRP"}]},{"@type":"WebSite","@id":"https:\/\/preprod.investx.fr\/pt\/#website","url":"https:\/\/preprod.investx.fr\/pt\/","name":"InvestX \u2013 Not\u00edcias Cripto, Guia de Trading, An\u00e1lises de Pre\u00e7os &amp; Previs\u00f5es","description":"Com InvestX, descubra o mundo das criptomoedas e do trading: Guias, not\u00edcias cripto, an\u00e1lises de pre\u00e7os e previs\u00f5es de criptomoedas (Bitcoin, Ethereum, Altcoins...","publisher":{"@id":"https:\/\/preprod.investx.fr\/pt\/#organization"},"potentialAction":[{"@type":"SearchAction","target":{"@type":"EntryPoint","urlTemplate":"https:\/\/preprod.investx.fr\/pt\/?s={search_term_string}"},"query-input":{"@type":"PropertyValueSpecification","valueRequired":true,"valueName":"search_term_string"}}],"inLanguage":"pt-PT"},{"@type":"Organization","@id":"https:\/\/preprod.investx.fr\/pt\/#organization","name":"InvestX \u2013 Not\u00edcias Cripto, Guia de Trading, An\u00e1lises de Pre\u00e7os &amp; Previs\u00f5es","url":"https:\/\/preprod.investx.fr\/pt\/","logo":{"@type":"ImageObject","inLanguage":"pt-PT","@id":"https:\/\/preprod.investx.fr\/pt\/#\/schema\/logo\/image\/","url":"https:\/\/media.investx.fr\/wp-content\/uploads\/sites\/2\/2022\/09\/cropped-logo-clair-1.png?wsr","contentUrl":"https:\/\/media.investx.fr\/wp-content\/uploads\/sites\/2\/2022\/09\/cropped-logo-clair-1.png?wsr","width":200,"height":73,"caption":"InvestX \u2013 Not\u00edcias Cripto, Guia de Trading, An\u00e1lises de Pre\u00e7os &amp; Previs\u00f5es"},"image":{"@id":"https:\/\/preprod.investx.fr\/pt\/#\/schema\/logo\/image\/"}}]}},"_links":{"self":[{"href":"https:\/\/preprod.investx.fr\/pt\/wp-json\/wp\/v2\/pages\/115438","targetHints":{"allow":["GET"]}}],"collection":[{"href":"https:\/\/preprod.investx.fr\/pt\/wp-json\/wp\/v2\/pages"}],"about":[{"href":"https:\/\/preprod.investx.fr\/pt\/wp-json\/wp\/v2\/types\/page"}],"author":[{"embeddable":true,"href":"https:\/\/preprod.investx.fr\/pt\/wp-json\/wp\/v2\/users\/8"}],"replies":[{"embeddable":true,"href":"https:\/\/preprod.investx.fr\/pt\/wp-json\/wp\/v2\/comments?post=115438"}],"version-history":[{"count":13,"href":"https:\/\/preprod.investx.fr\/pt\/wp-json\/wp\/v2\/pages\/115438\/revisions"}],"predecessor-version":[{"id":116569,"href":"https:\/\/preprod.investx.fr\/pt\/wp-json\/wp\/v2\/pages\/115438\/revisions\/116569"}],"wp:featuredmedia":[{"embeddable":true,"href":"https:\/\/preprod.investx.fr\/pt\/wp-json\/wp\/v2\/media\/115449"}],"wp:attachment":[{"href":"https:\/\/preprod.investx.fr\/pt\/wp-json\/wp\/v2\/media?parent=115438"}],"curies":[{"name":"wp","href":"https:\/\/api.w.org\/{rel}","templated":true}]}}