{"id":4601,"date":"2023-03-06T10:23:07","date_gmt":"2023-03-06T09:23:07","guid":{"rendered":"https:\/\/15.188.35.124.nip.io\/pt\/?page_id=4601"},"modified":"2025-01-04T11:08:14","modified_gmt":"2025-01-04T11:08:14","slug":"ia","status":"publish","type":"page","link":"https:\/\/preprod.investx.fr\/pt\/ia\/","title":{"rendered":"IA"},"content":{"rendered":"","protected":false},"excerpt":{"rendered":"","protected":false},"author":3,"featured_media":0,"parent":0,"menu_order":0,"comment_status":"closed","ping_status":"closed","template":"category-template.php","meta":{"_acf_changed":false,"_yoast_wpseo_focuskw":"IA","_yoast_wpseo_title":"IA - Todos os nossos artigos sobre intelig\u00eancia artificial","_yoast_wpseo_metadesc":"A intelig\u00eancia artificial (IA) est\u00e1 a revolucionar o mundo e muitos setores. Descubra plataformas como o ChatGPT e outras.","footnotes":"","faq_titre":"","questions_frequentes":"","custom_permalink":""},"class_list":["post-4601","page","type-page","status-publish","hentry"],"acf":[],"yoast_head":"<!-- This site is optimized with the Yoast SEO plugin v26.4 - https:\/\/yoast.com\/wordpress\/plugins\/seo\/ -->\n<title>IA - Todos os nossos artigos sobre intelig\u00eancia artificial<\/title>\n<meta name=\"description\" content=\"A intelig\u00eancia artificial (IA) est\u00e1 a revolucionar o mundo e muitos setores. Descubra plataformas como o ChatGPT e outras.\" \/>\n<meta name=\"robots\" content=\"noindex, follow, max-snippet:-1, max-image-preview:large, max-video-preview:-1\" \/>\n<meta property=\"og:locale\" content=\"pt_PT\" \/>\n<meta property=\"og:type\" content=\"article\" \/>\n<meta property=\"og:title\" content=\"IA - Todos os nossos artigos sobre intelig\u00eancia artificial\" \/>\n<meta property=\"og:description\" content=\"A intelig\u00eancia artificial (IA) est\u00e1 a revolucionar o mundo e muitos setores. Descubra plataformas como o ChatGPT e outras.\" \/>\n<meta property=\"og:site_name\" content=\"InvestX \u2013 Not\u00edcias Cripto, Guia de Trading, An\u00e1lises de Pre\u00e7os &amp; Previs\u00f5es\" \/>\n<meta property=\"article:modified_time\" content=\"2025-01-04T11:08:14+00:00\" \/>\n<meta name=\"twitter:card\" content=\"summary_large_image\" \/>\n<script type=\"application\/ld+json\" class=\"yoast-schema-graph\">{\"@context\":\"https:\/\/schema.org\",\"@graph\":[{\"@type\":\"WebPage\",\"@id\":\"https:\/\/preprod.investx.fr\/pt\/ia\/\",\"url\":\"https:\/\/preprod.investx.fr\/pt\/ia\/\",\"name\":\"IA - Todos os nossos artigos sobre intelig\u00eancia artificial\",\"isPartOf\":{\"@id\":\"https:\/\/preprod.investx.fr\/pt\/#website\"},\"datePublished\":\"2023-03-06T09:23:07+00:00\",\"dateModified\":\"2025-01-04T11:08:14+00:00\",\"description\":\"A intelig\u00eancia artificial (IA) est\u00e1 a revolucionar o mundo e muitos setores. Descubra plataformas como o ChatGPT e outras.\",\"breadcrumb\":{\"@id\":\"https:\/\/preprod.investx.fr\/pt\/ia\/#breadcrumb\"},\"inLanguage\":\"pt-PT\",\"potentialAction\":[{\"@type\":\"ReadAction\",\"target\":[\"https:\/\/preprod.investx.fr\/pt\/ia\/\"]}]},{\"@type\":\"BreadcrumbList\",\"@id\":\"https:\/\/preprod.investx.fr\/pt\/ia\/#breadcrumb\",\"itemListElement\":[{\"@type\":\"ListItem\",\"position\":1,\"name\":\"Accueil\",\"item\":\"https:\/\/preprod.investx.fr\/pt\/\"},{\"@type\":\"ListItem\",\"position\":2,\"name\":\"IA\"}]},{\"@type\":\"WebSite\",\"@id\":\"https:\/\/preprod.investx.fr\/pt\/#website\",\"url\":\"https:\/\/preprod.investx.fr\/pt\/\",\"name\":\"InvestX \u2013 Not\u00edcias Cripto, Guia de Trading, An\u00e1lises de Pre\u00e7os &amp; Previs\u00f5es\",\"description\":\"Com InvestX, descubra o mundo das criptomoedas e do trading: Guias, not\u00edcias cripto, an\u00e1lises de pre\u00e7os e previs\u00f5es de criptomoedas (Bitcoin, Ethereum, Altcoins...\",\"publisher\":{\"@id\":\"https:\/\/preprod.investx.fr\/pt\/#organization\"},\"potentialAction\":[{\"@type\":\"SearchAction\",\"target\":{\"@type\":\"EntryPoint\",\"urlTemplate\":\"https:\/\/preprod.investx.fr\/pt\/?s={search_term_string}\"},\"query-input\":{\"@type\":\"PropertyValueSpecification\",\"valueRequired\":true,\"valueName\":\"search_term_string\"}}],\"inLanguage\":\"pt-PT\"},{\"@type\":\"Organization\",\"@id\":\"https:\/\/preprod.investx.fr\/pt\/#organization\",\"name\":\"InvestX \u2013 Not\u00edcias Cripto, Guia de Trading, An\u00e1lises de Pre\u00e7os &amp; Previs\u00f5es\",\"url\":\"https:\/\/preprod.investx.fr\/pt\/\",\"logo\":{\"@type\":\"ImageObject\",\"inLanguage\":\"pt-PT\",\"@id\":\"https:\/\/preprod.investx.fr\/pt\/#\/schema\/logo\/image\/\",\"url\":\"https:\/\/media.investx.fr\/wp-content\/uploads\/sites\/2\/2022\/09\/cropped-logo-clair-1.png?wsr\",\"contentUrl\":\"https:\/\/media.investx.fr\/wp-content\/uploads\/sites\/2\/2022\/09\/cropped-logo-clair-1.png?wsr\",\"width\":200,\"height\":73,\"caption\":\"InvestX \u2013 Not\u00edcias Cripto, Guia de Trading, An\u00e1lises de Pre\u00e7os &amp; Previs\u00f5es\"},\"image\":{\"@id\":\"https:\/\/preprod.investx.fr\/pt\/#\/schema\/logo\/image\/\"}}]}<\/script>\n<!-- \/ Yoast SEO plugin. -->","yoast_head_json":{"title":"IA - Todos os nossos artigos sobre intelig\u00eancia artificial","description":"A intelig\u00eancia artificial (IA) est\u00e1 a revolucionar o mundo e muitos setores. Descubra plataformas como o ChatGPT e outras.","robots":{"index":"noindex","follow":"follow","max-snippet":"max-snippet:-1","max-image-preview":"max-image-preview:large","max-video-preview":"max-video-preview:-1"},"og_locale":"pt_PT","og_type":"article","og_title":"IA - Todos os nossos artigos sobre intelig\u00eancia artificial","og_description":"A intelig\u00eancia artificial (IA) est\u00e1 a revolucionar o mundo e muitos setores. Descubra plataformas como o ChatGPT e outras.","og_site_name":"InvestX \u2013 Not\u00edcias Cripto, Guia de Trading, An\u00e1lises de Pre\u00e7os &amp; Previs\u00f5es","article_modified_time":"2025-01-04T11:08:14+00:00","twitter_card":"summary_large_image","schema":{"@context":"https:\/\/schema.org","@graph":[{"@type":"WebPage","@id":"https:\/\/preprod.investx.fr\/pt\/ia\/","url":"https:\/\/preprod.investx.fr\/pt\/ia\/","name":"IA - Todos os nossos artigos sobre intelig\u00eancia artificial","isPartOf":{"@id":"https:\/\/preprod.investx.fr\/pt\/#website"},"datePublished":"2023-03-06T09:23:07+00:00","dateModified":"2025-01-04T11:08:14+00:00","description":"A intelig\u00eancia artificial (IA) est\u00e1 a revolucionar o mundo e muitos setores. Descubra plataformas como o ChatGPT e outras.","breadcrumb":{"@id":"https:\/\/preprod.investx.fr\/pt\/ia\/#breadcrumb"},"inLanguage":"pt-PT","potentialAction":[{"@type":"ReadAction","target":["https:\/\/preprod.investx.fr\/pt\/ia\/"]}]},{"@type":"BreadcrumbList","@id":"https:\/\/preprod.investx.fr\/pt\/ia\/#breadcrumb","itemListElement":[{"@type":"ListItem","position":1,"name":"Accueil","item":"https:\/\/preprod.investx.fr\/pt\/"},{"@type":"ListItem","position":2,"name":"IA"}]},{"@type":"WebSite","@id":"https:\/\/preprod.investx.fr\/pt\/#website","url":"https:\/\/preprod.investx.fr\/pt\/","name":"InvestX \u2013 Not\u00edcias Cripto, Guia de Trading, An\u00e1lises de Pre\u00e7os &amp; Previs\u00f5es","description":"Com InvestX, descubra o mundo das criptomoedas e do trading: Guias, not\u00edcias cripto, an\u00e1lises de pre\u00e7os e previs\u00f5es de criptomoedas (Bitcoin, Ethereum, Altcoins...","publisher":{"@id":"https:\/\/preprod.investx.fr\/pt\/#organization"},"potentialAction":[{"@type":"SearchAction","target":{"@type":"EntryPoint","urlTemplate":"https:\/\/preprod.investx.fr\/pt\/?s={search_term_string}"},"query-input":{"@type":"PropertyValueSpecification","valueRequired":true,"valueName":"search_term_string"}}],"inLanguage":"pt-PT"},{"@type":"Organization","@id":"https:\/\/preprod.investx.fr\/pt\/#organization","name":"InvestX \u2013 Not\u00edcias Cripto, Guia de Trading, An\u00e1lises de Pre\u00e7os &amp; Previs\u00f5es","url":"https:\/\/preprod.investx.fr\/pt\/","logo":{"@type":"ImageObject","inLanguage":"pt-PT","@id":"https:\/\/preprod.investx.fr\/pt\/#\/schema\/logo\/image\/","url":"https:\/\/media.investx.fr\/wp-content\/uploads\/sites\/2\/2022\/09\/cropped-logo-clair-1.png?wsr","contentUrl":"https:\/\/media.investx.fr\/wp-content\/uploads\/sites\/2\/2022\/09\/cropped-logo-clair-1.png?wsr","width":200,"height":73,"caption":"InvestX \u2013 Not\u00edcias Cripto, Guia de Trading, An\u00e1lises de Pre\u00e7os &amp; Previs\u00f5es"},"image":{"@id":"https:\/\/preprod.investx.fr\/pt\/#\/schema\/logo\/image\/"}}]}},"_links":{"self":[{"href":"https:\/\/preprod.investx.fr\/pt\/wp-json\/wp\/v2\/pages\/4601","targetHints":{"allow":["GET"]}}],"collection":[{"href":"https:\/\/preprod.investx.fr\/pt\/wp-json\/wp\/v2\/pages"}],"about":[{"href":"https:\/\/preprod.investx.fr\/pt\/wp-json\/wp\/v2\/types\/page"}],"author":[{"embeddable":true,"href":"https:\/\/preprod.investx.fr\/pt\/wp-json\/wp\/v2\/users\/3"}],"replies":[{"embeddable":true,"href":"https:\/\/preprod.investx.fr\/pt\/wp-json\/wp\/v2\/comments?post=4601"}],"version-history":[{"count":10,"href":"https:\/\/preprod.investx.fr\/pt\/wp-json\/wp\/v2\/pages\/4601\/revisions"}],"predecessor-version":[{"id":7593,"href":"https:\/\/preprod.investx.fr\/pt\/wp-json\/wp\/v2\/pages\/4601\/revisions\/7593"}],"wp:attachment":[{"href":"https:\/\/preprod.investx.fr\/pt\/wp-json\/wp\/v2\/media?parent=4601"}],"curies":[{"name":"wp","href":"https:\/\/api.w.org\/{rel}","templated":true}]}}