{"id":8734,"date":"2023-08-24T10:24:40","date_gmt":"2023-08-24T09:24:40","guid":{"rendered":"https:\/\/15.188.35.124.nip.io\/pt\/?page_id=8734"},"modified":"2025-01-02T10:11:41","modified_gmt":"2025-01-02T10:11:41","slug":"politica-privacidade","status":"publish","type":"page","link":"https:\/\/preprod.investx.fr\/pt\/politica-privacidade\/","title":{"rendered":"Pol\u00edtica de Privacidade"},"content":{"rendered":"\n<p style=\"font-size:14px\">Ler a Pol\u00edtica de Privacidade em <a href=\"https:\/\/preprod.investx.fr\/privacy-policy\/\">ingl\u00eas<\/a>.<\/p>\n\n\n\n<h2 class=\"wp-block-heading\" id=\"politique-de-confidentialite\" style=\"font-size:14px\"><strong>Pol\u00edtica de Privacidade<\/strong><\/h2>\n\n\n\n<p style=\"font-size:14px\">O site web InvestX \u00e9 propriedade da MLP Services Ltd, que \u00e9 o controlador dos seus dados pessoais.<\/p>\n\n\n\n<p style=\"font-size:14px\">Adot\u00e1mos esta Pol\u00edtica de Privacidade, que determina a forma como tratamos as informa\u00e7\u00f5es recolhidas pela InvestX e tamb\u00e9m as raz\u00f5es pelas quais precisamos de recolher alguns dados pessoais sobre si. Por conseguinte, deve ler esta Pol\u00edtica de Privacidade antes de utilizar o site web da InvestX.<\/p>\n\n\n\n<p style=\"font-size:14px\">Cuidamos dos seus dados pessoais e comprometemo-nos a garantir a sua confidencialidade e seguran\u00e7a.<\/p>\n\n\n\n<p style=\"font-size:14px\"><strong>As informa\u00e7\u00f5es pessoais que recolhemos :<\/strong><\/p>\n\n\n\n<p style=\"font-size:14px\">Quando visita o site InvestX, recolhemos automaticamente certas informa\u00e7\u00f5es sobre o seu dispositivo, incluindo informa\u00e7\u00f5es sobre o seu navegador web, o seu endere\u00e7o IP, o seu fuso hor\u00e1rio e alguns dos cookies instalados no seu dispositivo. Al\u00e9m disso, enquanto navega no site, recolhemos informa\u00e7\u00f5es sobre as p\u00e1ginas web ou os produtos individuais que visualiza, os sites web ou termos de pesquisa que o redirecionaram para o site e a forma como interage com o site. Designamos estas informa\u00e7\u00f5es recolhidas automaticamente como &#8216;informa\u00e7\u00f5es sobre dispositivos&#8217;. Adicionalmente, podemos recolher os dados pessoais que nos fornece (incluindo, mas n\u00e3o limitado a, nome, apelido, endere\u00e7o, informa\u00e7\u00f5es de pagamento, etc.) durante o registo, para podermos executar o contrato.<\/p>\n\n\n\n<h2 class=\"wp-block-heading\" id=\"pourquoi-traitons-nous-vos-donnees\" style=\"font-size:14px\">Por que tratamos os seus dados ?<\/h2>\n\n\n\n<p style=\"font-size:14px\">A nossa prioridade absoluta \u00e9 a seguran\u00e7a dos dados dos clientes e, como tal, apenas tratamos os dados m\u00ednimos dos utilizadores, estritamente na medida do necess\u00e1rio para manter o site web. As informa\u00e7\u00f5es recolhidas automaticamente s\u00e3o utilizadas exclusivamente para identificar poss\u00edveis casos de abuso e para estabelecer informa\u00e7\u00f5es estat\u00edsticas sobre a utiliza\u00e7\u00e3o do site web. Estas informa\u00e7\u00f5es estat\u00edsticas n\u00e3o s\u00e3o agregadas de forma a identificar um utilizador espec\u00edfico do sistema.<\/p>\n\n\n\n<p style=\"font-size:14px\">Pode visitar o site web sem nos dizer quem \u00e9 ou sem revelar informa\u00e7\u00f5es que possam identific\u00e1-lo como um indiv\u00edduo espec\u00edfico e identific\u00e1vel. No entanto, se desejar utilizar certas funcionalidades do site web, receber a nossa newsletter ou fornecer outros detalhes atrav\u00e9s do preenchimento de um formul\u00e1rio, poder\u00e1 ser necess\u00e1rio fornecer dados pessoais, como o seu e-mail, nome pr\u00f3prio, apelido, cidade de resid\u00eancia, organiza\u00e7\u00e3o ou n\u00famero de telefone.<\/p>\n\n\n\n<p style=\"font-size:14px\">Pode optar por n\u00e3o fornecer os seus dados pessoais. No entanto, nesse caso, poder\u00e1 n\u00e3o conseguir usufruir de algumas funcionalidades do site web. Por exemplo, poder\u00e1 n\u00e3o receber a nossa newsletter ou n\u00e3o nos conseguir contactar diretamente atrav\u00e9s do site. Os utilizadores que n\u00e3o sabem quais as informa\u00e7\u00f5es obrigat\u00f3rias s\u00e3o convidados a contactar-nos atrav\u00e9s do e-mail <strong><a>contact@investx.fr<\/a><\/strong>.<\/p>\n\n\n\n<h2 class=\"wp-block-heading\" id=\"vos-droits\" style=\"font-size:14px\"><strong>Os seus direitos :<\/strong><\/h2>\n\n\n\n<p style=\"font-size:14px\">Se for residente na Europa, tem os seguintes direitos relacionados com os seus dados pessoais :<\/p>\n\n\n\n<ul class=\"wp-block-list\">\n<li style=\"font-size:14px\">O direito a ser informado.<\/li>\n\n\n\n<li style=\"font-size:14px\">O direito de acesso.<\/li>\n\n\n\n<li style=\"font-size:14px\">O direito de retifica\u00e7\u00e3o.<\/li>\n\n\n\n<li style=\"font-size:14px\">O direito ao apagamento.<\/li>\n\n\n\n<li style=\"font-size:14px\">O direito de restringir o tratamento.<\/li>\n\n\n\n<li style=\"font-size:14px\">O direito \u00e0 portabilidade dos dados.<\/li>\n\n\n\n<li style=\"font-size:14px\">O direito de oposi\u00e7\u00e3o.<\/li>\n\n\n\n<li style=\"font-size:14px\">Os direitos relacionados com a tomada de decis\u00e3o automatizada e a defini\u00e7\u00e3o de perfis.<\/li>\n<\/ul>\n\n\n\n<p style=\"font-size:14px\">Se desejar exercer este direito, entre em contacto connosco atrav\u00e9s dos dados de contacto abaixo.<\/p>\n\n\n\n<p style=\"font-size:14px\">Al\u00e9m disso, se for residente na Europa, informamos que tratamos as suas informa\u00e7\u00f5es com o objetivo de executar os contratos que possamos ter consigo (por exemplo, se realizar uma encomenda atrav\u00e9s do site), ou de outra forma para prosseguir os nossos interesses comerciais leg\u00edtimos mencionados acima. Note tamb\u00e9m que as suas informa\u00e7\u00f5es podem ser transferidas para fora da Europa, incluindo para o Canad\u00e1 e os Estados Unidos.<\/p>\n\n\n\n<h2 class=\"wp-block-heading\" id=\"liens-vers-dautres-sites-web\" style=\"font-size:14px\"><strong>Links para outros sites web :<\/strong><\/h2>\n\n\n\n<p style=\"font-size:14px\">O nosso site web pode conter links para outros sites web que n\u00e3o s\u00e3o da nossa propriedade nem est\u00e3o sob o nosso controlo. Note que n\u00e3o somos respons\u00e1veis por esses outros sites web nem pelas pr\u00e1ticas de privacidade de terceiros. Recomendamos que esteja atento ao sair do nosso site web e que leia as declara\u00e7\u00f5es de privacidade de cada site web que possa recolher informa\u00e7\u00f5es pessoais.<\/p>\n\n\n\n<h2 class=\"wp-block-heading\" id=\"securite-de-linformation\" style=\"font-size:14px\"><strong>Seguran\u00e7a da informa\u00e7\u00e3o :<\/strong><\/h2>\n\n\n\n<p style=\"font-size:14px\">As informa\u00e7\u00f5es que fornece s\u00e3o armazenadas em servidores inform\u00e1ticos num ambiente controlado e seguro, protegido contra acesso, utiliza\u00e7\u00e3o ou divulga\u00e7\u00e3o n\u00e3o autorizados. Mantemos medidas de seguran\u00e7a administrativas, t\u00e9cnicas e f\u00edsicas razo\u00e1veis para proteger contra o acesso, utiliza\u00e7\u00e3o, modifica\u00e7\u00e3o e divulga\u00e7\u00e3o n\u00e3o autorizados dos dados pessoais sob o nosso controlo e cust\u00f3dia. No entanto, nenhuma transmiss\u00e3o de dados pela Internet ou por uma rede sem fios pode ser completamente garantida.<\/p>\n\n\n\n<h2 class=\"wp-block-heading\" id=\"divulgation-legale\" style=\"font-size:14px\"><strong>Divulga\u00e7\u00e3o legal :<\/strong><\/h2>\n\n\n\n<p style=\"font-size:14px\">Divulgaremos qualquer informa\u00e7\u00e3o que recolhemos, utilizamos ou recebemos, se exigido ou permitido por lei, por exemplo, para cumprir uma intima\u00e7\u00e3o ou um processo judicial semelhante, e quando acreditarmos, de boa-f\u00e9, que a divulga\u00e7\u00e3o \u00e9 necess\u00e1ria para proteger os nossos direitos, a sua seguran\u00e7a ou a de terceiros, investigar uma fraude ou responder a um pedido do governo.<\/p>\n\n\n\n<h2 class=\"wp-block-heading\" id=\"informations-de-contact\" style=\"font-size:14px\"><strong>Informa\u00e7\u00f5es de contacto :<\/strong><\/h2>\n\n\n\n<p style=\"font-size:14px\">Se desejar entrar em contacto connosco para compreender melhor esta pol\u00edtica ou se tiver alguma quest\u00e3o relacionada com os direitos individuais e as suas informa\u00e7\u00f5es pessoais, pode enviar um e-mail para <strong><a>contact@investx.fr<\/a><\/strong>.<\/p>\n","protected":false},"excerpt":{"rendered":"<p>Ler a Pol\u00edtica de Privacidade em ingl\u00eas. Pol\u00edtica de Privacidade O site web InvestX \u00e9 propriedade da MLP Services Ltd, que \u00e9 o controlador dos seus dados pessoais. Adot\u00e1mos esta Pol\u00edtica de Privacidade, que determina&#8230;<\/p>\n","protected":false},"author":5,"featured_media":0,"parent":0,"menu_order":0,"comment_status":"closed","ping_status":"closed","template":"not-full-width-page-template.php","meta":{"_acf_changed":false,"_yoast_wpseo_focuskw":"politica privacidade","_yoast_wpseo_title":"%%title%% %%page%% %%sep%% InvestX Portugal","_yoast_wpseo_metadesc":"A InvestX, um site web dedicado ao trading e \u00e0s criptomoedas, leva a s\u00e9rio a confidencialidade dos seus dados pessoais.","footnotes":"","faq_titre":"","questions_frequentes":"","custom_permalink":""},"class_list":["post-8734","page","type-page","status-publish","hentry"],"acf":[],"yoast_head":"<!-- This site is optimized with the Yoast SEO plugin v26.4 - https:\/\/yoast.com\/wordpress\/plugins\/seo\/ -->\n<title>Pol\u00edtica de Privacidade - InvestX Portugal<\/title>\n<meta name=\"description\" content=\"A InvestX, um site web dedicado ao trading e \u00e0s criptomoedas, leva a s\u00e9rio a confidencialidade dos seus dados pessoais.\" \/>\n<meta name=\"robots\" content=\"noindex, follow, max-snippet:-1, max-image-preview:large, max-video-preview:-1\" \/>\n<meta property=\"og:locale\" content=\"pt_PT\" \/>\n<meta property=\"og:type\" content=\"article\" \/>\n<meta property=\"og:title\" content=\"Pol\u00edtica de Privacidade - InvestX Portugal\" \/>\n<meta property=\"og:description\" content=\"A InvestX, um site web dedicado ao trading e \u00e0s criptomoedas, leva a s\u00e9rio a confidencialidade dos seus dados pessoais.\" \/>\n<meta property=\"og:site_name\" content=\"InvestX \u2013 Not\u00edcias Cripto, Guia de Trading, An\u00e1lises de Pre\u00e7os &amp; Previs\u00f5es\" \/>\n<meta property=\"article:modified_time\" content=\"2025-01-02T10:11:41+00:00\" \/>\n<meta name=\"twitter:card\" content=\"summary_large_image\" \/>\n<meta name=\"twitter:label1\" content=\"Tempo estimado de leitura\" \/>\n\t<meta name=\"twitter:data1\" content=\"5 minutos\" \/>\n<script type=\"application\/ld+json\" class=\"yoast-schema-graph\">{\"@context\":\"https:\/\/schema.org\",\"@graph\":[{\"@type\":\"WebPage\",\"@id\":\"https:\/\/preprod.investx.fr\/pt\/politica-privacidade\/\",\"url\":\"https:\/\/preprod.investx.fr\/pt\/politica-privacidade\/\",\"name\":\"Pol\u00edtica de Privacidade - InvestX Portugal\",\"isPartOf\":{\"@id\":\"https:\/\/preprod.investx.fr\/pt\/#website\"},\"datePublished\":\"2023-08-24T09:24:40+00:00\",\"dateModified\":\"2025-01-02T10:11:41+00:00\",\"description\":\"A InvestX, um site web dedicado ao trading e \u00e0s criptomoedas, leva a s\u00e9rio a confidencialidade dos seus dados pessoais.\",\"breadcrumb\":{\"@id\":\"https:\/\/preprod.investx.fr\/pt\/politica-privacidade\/#breadcrumb\"},\"inLanguage\":\"pt-PT\",\"potentialAction\":[{\"@type\":\"ReadAction\",\"target\":[\"https:\/\/preprod.investx.fr\/pt\/politica-privacidade\/\"]}]},{\"@type\":\"BreadcrumbList\",\"@id\":\"https:\/\/preprod.investx.fr\/pt\/politica-privacidade\/#breadcrumb\",\"itemListElement\":[{\"@type\":\"ListItem\",\"position\":1,\"name\":\"Accueil\",\"item\":\"https:\/\/preprod.investx.fr\/pt\/\"},{\"@type\":\"ListItem\",\"position\":2,\"name\":\"Pol\u00edtica de Privacidade\"}]},{\"@type\":\"WebSite\",\"@id\":\"https:\/\/preprod.investx.fr\/pt\/#website\",\"url\":\"https:\/\/preprod.investx.fr\/pt\/\",\"name\":\"InvestX \u2013 Not\u00edcias Cripto, Guia de Trading, An\u00e1lises de Pre\u00e7os &amp; Previs\u00f5es\",\"description\":\"Com InvestX, descubra o mundo das criptomoedas e do trading: Guias, not\u00edcias cripto, an\u00e1lises de pre\u00e7os e previs\u00f5es de criptomoedas (Bitcoin, Ethereum, Altcoins...\",\"publisher\":{\"@id\":\"https:\/\/preprod.investx.fr\/pt\/#organization\"},\"potentialAction\":[{\"@type\":\"SearchAction\",\"target\":{\"@type\":\"EntryPoint\",\"urlTemplate\":\"https:\/\/preprod.investx.fr\/pt\/?s={search_term_string}\"},\"query-input\":{\"@type\":\"PropertyValueSpecification\",\"valueRequired\":true,\"valueName\":\"search_term_string\"}}],\"inLanguage\":\"pt-PT\"},{\"@type\":\"Organization\",\"@id\":\"https:\/\/preprod.investx.fr\/pt\/#organization\",\"name\":\"InvestX \u2013 Not\u00edcias Cripto, Guia de Trading, An\u00e1lises de Pre\u00e7os &amp; Previs\u00f5es\",\"url\":\"https:\/\/preprod.investx.fr\/pt\/\",\"logo\":{\"@type\":\"ImageObject\",\"inLanguage\":\"pt-PT\",\"@id\":\"https:\/\/preprod.investx.fr\/pt\/#\/schema\/logo\/image\/\",\"url\":\"https:\/\/media.investx.fr\/wp-content\/uploads\/sites\/2\/2022\/09\/cropped-logo-clair-1.png?wsr\",\"contentUrl\":\"https:\/\/media.investx.fr\/wp-content\/uploads\/sites\/2\/2022\/09\/cropped-logo-clair-1.png?wsr\",\"width\":200,\"height\":73,\"caption\":\"InvestX \u2013 Not\u00edcias Cripto, Guia de Trading, An\u00e1lises de Pre\u00e7os &amp; Previs\u00f5es\"},\"image\":{\"@id\":\"https:\/\/preprod.investx.fr\/pt\/#\/schema\/logo\/image\/\"}}]}<\/script>\n<!-- \/ Yoast SEO plugin. -->","yoast_head_json":{"title":"Pol\u00edtica de Privacidade - InvestX Portugal","description":"A InvestX, um site web dedicado ao trading e \u00e0s criptomoedas, leva a s\u00e9rio a confidencialidade dos seus dados pessoais.","robots":{"index":"noindex","follow":"follow","max-snippet":"max-snippet:-1","max-image-preview":"max-image-preview:large","max-video-preview":"max-video-preview:-1"},"og_locale":"pt_PT","og_type":"article","og_title":"Pol\u00edtica de Privacidade - InvestX Portugal","og_description":"A InvestX, um site web dedicado ao trading e \u00e0s criptomoedas, leva a s\u00e9rio a confidencialidade dos seus dados pessoais.","og_site_name":"InvestX \u2013 Not\u00edcias Cripto, Guia de Trading, An\u00e1lises de Pre\u00e7os &amp; Previs\u00f5es","article_modified_time":"2025-01-02T10:11:41+00:00","twitter_card":"summary_large_image","twitter_misc":{"Tempo estimado de leitura":"5 minutos"},"schema":{"@context":"https:\/\/schema.org","@graph":[{"@type":"WebPage","@id":"https:\/\/preprod.investx.fr\/pt\/politica-privacidade\/","url":"https:\/\/preprod.investx.fr\/pt\/politica-privacidade\/","name":"Pol\u00edtica de Privacidade - InvestX Portugal","isPartOf":{"@id":"https:\/\/preprod.investx.fr\/pt\/#website"},"datePublished":"2023-08-24T09:24:40+00:00","dateModified":"2025-01-02T10:11:41+00:00","description":"A InvestX, um site web dedicado ao trading e \u00e0s criptomoedas, leva a s\u00e9rio a confidencialidade dos seus dados pessoais.","breadcrumb":{"@id":"https:\/\/preprod.investx.fr\/pt\/politica-privacidade\/#breadcrumb"},"inLanguage":"pt-PT","potentialAction":[{"@type":"ReadAction","target":["https:\/\/preprod.investx.fr\/pt\/politica-privacidade\/"]}]},{"@type":"BreadcrumbList","@id":"https:\/\/preprod.investx.fr\/pt\/politica-privacidade\/#breadcrumb","itemListElement":[{"@type":"ListItem","position":1,"name":"Accueil","item":"https:\/\/preprod.investx.fr\/pt\/"},{"@type":"ListItem","position":2,"name":"Pol\u00edtica de Privacidade"}]},{"@type":"WebSite","@id":"https:\/\/preprod.investx.fr\/pt\/#website","url":"https:\/\/preprod.investx.fr\/pt\/","name":"InvestX \u2013 Not\u00edcias Cripto, Guia de Trading, An\u00e1lises de Pre\u00e7os &amp; Previs\u00f5es","description":"Com InvestX, descubra o mundo das criptomoedas e do trading: Guias, not\u00edcias cripto, an\u00e1lises de pre\u00e7os e previs\u00f5es de criptomoedas (Bitcoin, Ethereum, Altcoins...","publisher":{"@id":"https:\/\/preprod.investx.fr\/pt\/#organization"},"potentialAction":[{"@type":"SearchAction","target":{"@type":"EntryPoint","urlTemplate":"https:\/\/preprod.investx.fr\/pt\/?s={search_term_string}"},"query-input":{"@type":"PropertyValueSpecification","valueRequired":true,"valueName":"search_term_string"}}],"inLanguage":"pt-PT"},{"@type":"Organization","@id":"https:\/\/preprod.investx.fr\/pt\/#organization","name":"InvestX \u2013 Not\u00edcias Cripto, Guia de Trading, An\u00e1lises de Pre\u00e7os &amp; Previs\u00f5es","url":"https:\/\/preprod.investx.fr\/pt\/","logo":{"@type":"ImageObject","inLanguage":"pt-PT","@id":"https:\/\/preprod.investx.fr\/pt\/#\/schema\/logo\/image\/","url":"https:\/\/media.investx.fr\/wp-content\/uploads\/sites\/2\/2022\/09\/cropped-logo-clair-1.png?wsr","contentUrl":"https:\/\/media.investx.fr\/wp-content\/uploads\/sites\/2\/2022\/09\/cropped-logo-clair-1.png?wsr","width":200,"height":73,"caption":"InvestX \u2013 Not\u00edcias Cripto, Guia de Trading, An\u00e1lises de Pre\u00e7os &amp; Previs\u00f5es"},"image":{"@id":"https:\/\/preprod.investx.fr\/pt\/#\/schema\/logo\/image\/"}}]}},"_links":{"self":[{"href":"https:\/\/preprod.investx.fr\/pt\/wp-json\/wp\/v2\/pages\/8734","targetHints":{"allow":["GET"]}}],"collection":[{"href":"https:\/\/preprod.investx.fr\/pt\/wp-json\/wp\/v2\/pages"}],"about":[{"href":"https:\/\/preprod.investx.fr\/pt\/wp-json\/wp\/v2\/types\/page"}],"author":[{"embeddable":true,"href":"https:\/\/preprod.investx.fr\/pt\/wp-json\/wp\/v2\/users\/5"}],"replies":[{"embeddable":true,"href":"https:\/\/preprod.investx.fr\/pt\/wp-json\/wp\/v2\/comments?post=8734"}],"version-history":[{"count":13,"href":"https:\/\/preprod.investx.fr\/pt\/wp-json\/wp\/v2\/pages\/8734\/revisions"}],"predecessor-version":[{"id":83776,"href":"https:\/\/preprod.investx.fr\/pt\/wp-json\/wp\/v2\/pages\/8734\/revisions\/83776"}],"wp:attachment":[{"href":"https:\/\/preprod.investx.fr\/pt\/wp-json\/wp\/v2\/media?parent=8734"}],"curies":[{"name":"wp","href":"https:\/\/api.w.org\/{rel}","templated":true}]}}